{"id":1977,"date":"2026-03-23T11:39:37","date_gmt":"2026-03-23T10:39:37","guid":{"rendered":"https:\/\/sportcardsmemorabilia.eu\/marketplace\/nba-2015-16-excalibur-basketball-blaster-box\/"},"modified":"2026-03-23T11:39:37","modified_gmt":"2026-03-23T10:39:37","slug":"nba-2015-16-excalibur-basketball-blaster-box","status":"publish","type":"product","link":"https:\/\/sportcardsmemorabilia.eu\/en\/marketplace\/nba-2015-16-excalibur-basketball-blaster-box\/","title":{"rendered":"NBA 2015-16 EXCALIBUR BASKETBALL BLASTER BOX"},"content":{"rendered":"<pre id=\"tw-target-text\" class=\"tw-data-text tw-text-large tw-ta\" dir=\"ltr\" role=\"text\" data-placeholder=\"Prevod\" data-ved=\"2ahUKEwiXiMfQpa6TAxW11AIHHZSBD4oQ3ewLegQIDBAW\" aria-label=\"Prevedeno besedilo: I\u0161\u010dite podpisne kartice Karla-Anthonyja Townsa, RC Kristapa Porzingisa, RC Devina Bookerja, RC Nikole Joki\u0107a, RC ... Kobeja Bryanta Stepha Curryja\"><span class=\"Y2IQFc\" lang=\"sl\">I\u0161\u010dite\n\n\n\npodpisane kartice\n\nKarla-Anthonyja Townsa, RC\n\nKristapa Porzingisa, RC\n\nDevina Bookerja, RC\n\nNikole Joki\u0107a, RC\n\n...\n\nKobeja Bryanta\n\nStepha Curryja<\/span><\/pre>\n","protected":false},"excerpt":{"rendered":"<p>IZJEMNO REDKO!!<\/p>\n<p>20 kartic v \u0161katli<\/p>\n<p>Poi\u0161\u010di 1 Memorabilia Card na \u0161katlo, v povpre\u010dju!<\/p>\n<p>Najdi 3 Crusade Camo Cards na \u0161katlo, v povpre\u010dju!<\/p>\n","protected":false},"author":27,"featured_media":1978,"comment_status":"open","ping_status":"closed","template":"","meta":{"_acf_changed":false},"card_year":[],"product_brand":[],"product_cat":[279],"product_tag":[],"class_list":{"0":"post-1977","1":"product","2":"type-product","3":"status-publish","4":"has-post-thumbnail","6":"product_cat-closed-boxes-basketball","7":"sales-flash-overlay","8":"woocommerce-text-align-center","9":"woocommerce-image-align-center","10":"do-quantity-buttons","12":"first","13":"instock","14":"shipping-taxable","15":"product-type-simple"},"acf":[],"_links":{"self":[{"href":"https:\/\/sportcardsmemorabilia.eu\/en\/wp-json\/wp\/v2\/product\/1977","targetHints":{"allow":["GET"]}}],"collection":[{"href":"https:\/\/sportcardsmemorabilia.eu\/en\/wp-json\/wp\/v2\/product"}],"about":[{"href":"https:\/\/sportcardsmemorabilia.eu\/en\/wp-json\/wp\/v2\/types\/product"}],"author":[{"embeddable":true,"href":"https:\/\/sportcardsmemorabilia.eu\/en\/wp-json\/wp\/v2\/users\/27"}],"replies":[{"embeddable":true,"href":"https:\/\/sportcardsmemorabilia.eu\/en\/wp-json\/wp\/v2\/comments?post=1977"}],"wp:featuredmedia":[{"embeddable":true,"href":"https:\/\/sportcardsmemorabilia.eu\/en\/wp-json\/wp\/v2\/media\/1978"}],"wp:attachment":[{"href":"https:\/\/sportcardsmemorabilia.eu\/en\/wp-json\/wp\/v2\/media?parent=1977"}],"wp:term":[{"taxonomy":"card_year","embeddable":true,"href":"https:\/\/sportcardsmemorabilia.eu\/en\/wp-json\/wp\/v2\/card_year?post=1977"},{"taxonomy":"product_brand","embeddable":true,"href":"https:\/\/sportcardsmemorabilia.eu\/en\/wp-json\/wp\/v2\/product_brand?post=1977"},{"taxonomy":"product_cat","embeddable":true,"href":"https:\/\/sportcardsmemorabilia.eu\/en\/wp-json\/wp\/v2\/product_cat?post=1977"},{"taxonomy":"product_tag","embeddable":true,"href":"https:\/\/sportcardsmemorabilia.eu\/en\/wp-json\/wp\/v2\/product_tag?post=1977"}],"curies":[{"name":"wp","href":"https:\/\/api.w.org\/{rel}","templated":true}]}}