{"id":1979,"date":"2026-03-23T11:39:37","date_gmt":"2026-03-23T10:39:37","guid":{"rendered":"https:\/\/sportcardsmemorabilia.eu\/marketplace\/2020-21-panini-mosaic-basketball-blaster-box\/"},"modified":"2026-03-23T11:39:37","modified_gmt":"2026-03-23T10:39:37","slug":"2020-21-panini-mosaic-basketball-blaster-box","status":"publish","type":"product","link":"https:\/\/sportcardsmemorabilia.eu\/en\/marketplace\/2020-21-panini-mosaic-basketball-blaster-box\/","title":{"rendered":"2020-21 PANINI MOSAIC BASKETBALL BLASTER BOX"},"content":{"rendered":"<pre id=\"tw-target-text\" class=\"tw-data-text tw-text-large tw-ta\" dir=\"ltr\" role=\"text\" data-placeholder=\"Prevod\" data-ved=\"2ahUKEwiVoL_V0K6TAxWuwAIHHX_sFNIQ3ewLegQIDBAW\" aria-label=\"Prevedeno besedilo: Poi\u0161\u010dite najbolj\u0161e zvezdnike in novince lige NBA v Mozaiku in Mozaiku novincev! Poi\u0161\u010dite ekskluzivne Blasterjeve mozai\u010dne oran\u017ene fluorescentne prizme, o\u0161tevil\u010dene do 25! Poi\u0161\u010dite ultra redke mozai\u010dne prizme Genesis! 8 paketov na \u0161katlo, 4 karte na paket\"><span class=\"Y2IQFc\" lang=\"sl\">Poi\u0161\u010dite najbolj\u0161e zvezdnike in novince lige NBA v Mozaiku in Mozaiku novincev!\n\nPoi\u0161\u010dite ekskluzivne Blasterjeve mozai\u010dne oran\u017ene fluorescentne prizme, o\u0161tevil\u010dene do 25!\n\nPoi\u0161\u010dite ultra redke mozai\u010dne prizme Genesis!\n\n8 paketov na \u0161katlo, 4 karte na paket<\/span><\/pre>\n","protected":false},"excerpt":{"rendered":"<pre id=\"tw-target-text\" class=\"tw-data-text tw-text-large tw-ta\" dir=\"ltr\" role=\"text\" data-placeholder=\"Prevod\" data-ved=\"2ahUKEwiVoL_V0K6TAxWuwAIHHX_sFNIQ3ewLegQIDBAW\" aria-label=\"Prevedeno besedilo: Vsaka \u0161katla vsebuje \u0161tiri mozai\u010dne prizme! Mosaic, ena najbolj pri\u010dakovanih izdaj leta, se vra\u010da z vrsto novih osnovnih podmno\u017eic, vzporednic in vstavkov!\"><span class=\"Y2IQFc\" lang=\"sl\">Mosaic, ena najbolj pri\u010dakovanih izdaj leta, se vra\u010da z vrsto novih osnovnih podsetov, paralel in insertov!<\/span><\/pre>\n","protected":false},"author":27,"featured_media":1980,"comment_status":"open","ping_status":"closed","template":"","meta":{"_acf_changed":false},"card_year":[],"product_brand":[],"product_cat":[279],"product_tag":[],"class_list":{"0":"post-1979","1":"product","2":"type-product","3":"status-publish","4":"has-post-thumbnail","6":"product_cat-closed-boxes-basketball","7":"sales-flash-overlay","8":"woocommerce-text-align-center","9":"woocommerce-image-align-center","10":"do-quantity-buttons","12":"first","13":"instock","14":"shipping-taxable","15":"product-type-simple"},"acf":[],"_links":{"self":[{"href":"https:\/\/sportcardsmemorabilia.eu\/en\/wp-json\/wp\/v2\/product\/1979","targetHints":{"allow":["GET"]}}],"collection":[{"href":"https:\/\/sportcardsmemorabilia.eu\/en\/wp-json\/wp\/v2\/product"}],"about":[{"href":"https:\/\/sportcardsmemorabilia.eu\/en\/wp-json\/wp\/v2\/types\/product"}],"author":[{"embeddable":true,"href":"https:\/\/sportcardsmemorabilia.eu\/en\/wp-json\/wp\/v2\/users\/27"}],"replies":[{"embeddable":true,"href":"https:\/\/sportcardsmemorabilia.eu\/en\/wp-json\/wp\/v2\/comments?post=1979"}],"wp:featuredmedia":[{"embeddable":true,"href":"https:\/\/sportcardsmemorabilia.eu\/en\/wp-json\/wp\/v2\/media\/1980"}],"wp:attachment":[{"href":"https:\/\/sportcardsmemorabilia.eu\/en\/wp-json\/wp\/v2\/media?parent=1979"}],"wp:term":[{"taxonomy":"card_year","embeddable":true,"href":"https:\/\/sportcardsmemorabilia.eu\/en\/wp-json\/wp\/v2\/card_year?post=1979"},{"taxonomy":"product_brand","embeddable":true,"href":"https:\/\/sportcardsmemorabilia.eu\/en\/wp-json\/wp\/v2\/product_brand?post=1979"},{"taxonomy":"product_cat","embeddable":true,"href":"https:\/\/sportcardsmemorabilia.eu\/en\/wp-json\/wp\/v2\/product_cat?post=1979"},{"taxonomy":"product_tag","embeddable":true,"href":"https:\/\/sportcardsmemorabilia.eu\/en\/wp-json\/wp\/v2\/product_tag?post=1979"}],"curies":[{"name":"wp","href":"https:\/\/api.w.org\/{rel}","templated":true}]}}