{"id":1981,"date":"2026-03-23T11:39:37","date_gmt":"2026-03-23T10:39:37","guid":{"rendered":"https:\/\/sportcardsmemorabilia.eu\/marketplace\/2020-21-panini-select-basketball-blaster-box\/"},"modified":"2026-03-23T11:39:37","modified_gmt":"2026-03-23T10:39:37","slug":"2020-21-panini-select-basketball-blaster-box","status":"publish","type":"product","link":"https:\/\/sportcardsmemorabilia.eu\/en\/marketplace\/2020-21-panini-select-basketball-blaster-box\/","title":{"rendered":"2020-21 PANINI SELECT BASKETBALL BLASTER BOX"},"content":{"rendered":"<pre id=\"\u201dtw-target-text\u201d\" class=\"\u201dtw-data-text\" dir=\"\u201dltr\u201d\" role=\"\u201dtext\u201d\" data-placeholder=\"\u201dPrevod\u201d\" data-ved=\"\u201d2ahUKEwiQkYbf6bCTAxWq9rsIHb8ILo8Q3ewLegQIDBAW\u201d\" aria-label=\"\u201dPrevedeno\"><span class=\"\u201dY2IQFc\u201d\" lang=\"\u201dsl\u201d\">Ta linija izdelkov, ki jo je licencirala Nacionalna ko\u0161arkarska zveza (NBA), zagotavlja pristnost in visoko kakovost. Ne glede na to, ali so za osebno u\u017eivanje ali kot darilo za ljubitelja ko\u0161arke, so te zbirateljske kartice odli\u010den dodatek k vsaki zbirki. <\/span><\/pre>\n","protected":false},"excerpt":{"rendered":"<pre id=\"\u201dtw-target-text\u201d\" class=\"\u201dtw-data-text\" dir=\"\u201dltr\u201d\" role=\"\u201dtext\u201d\" data-placeholder=\"\u201dPrevod\u201d\" data-ved=\"\u201d2ahUKEwiQkYbf6bCTAxWq9rsIHb8ILo8Q3ewLegQIDBAW\u201d\" aria-label=\"\u201dPrevedeno\"><span class=\"\u201dY2IQFc\u201d\" lang=\"\u201dsl\u201d\">Ta komplet ponuja zbirateljem in obo\u017eevalcem mo\u017enost dostopa do 24 razli\u010dnih \u0161portnih kart NBA, razdeljenih v 6 paketov. S to izdajo iz priznane serije Panini lahko svojo zbirko obogatite s svetle\u010dimi trenutki ko\u0161arkarske sezone 2020-21.<\/span><\/pre>\n","protected":false},"author":27,"featured_media":1982,"comment_status":"open","ping_status":"closed","template":"","meta":{"_acf_changed":false},"card_year":[],"product_brand":[],"product_cat":[279],"product_tag":[],"class_list":{"0":"post-1981","1":"product","2":"type-product","3":"status-publish","4":"has-post-thumbnail","6":"product_cat-closed-boxes-basketball","7":"sales-flash-overlay","8":"woocommerce-text-align-center","9":"woocommerce-image-align-center","10":"do-quantity-buttons","12":"first","13":"instock","14":"shipping-taxable","15":"product-type-simple"},"acf":[],"_links":{"self":[{"href":"https:\/\/sportcardsmemorabilia.eu\/en\/wp-json\/wp\/v2\/product\/1981","targetHints":{"allow":["GET"]}}],"collection":[{"href":"https:\/\/sportcardsmemorabilia.eu\/en\/wp-json\/wp\/v2\/product"}],"about":[{"href":"https:\/\/sportcardsmemorabilia.eu\/en\/wp-json\/wp\/v2\/types\/product"}],"author":[{"embeddable":true,"href":"https:\/\/sportcardsmemorabilia.eu\/en\/wp-json\/wp\/v2\/users\/27"}],"replies":[{"embeddable":true,"href":"https:\/\/sportcardsmemorabilia.eu\/en\/wp-json\/wp\/v2\/comments?post=1981"}],"wp:featuredmedia":[{"embeddable":true,"href":"https:\/\/sportcardsmemorabilia.eu\/en\/wp-json\/wp\/v2\/media\/1982"}],"wp:attachment":[{"href":"https:\/\/sportcardsmemorabilia.eu\/en\/wp-json\/wp\/v2\/media?parent=1981"}],"wp:term":[{"taxonomy":"card_year","embeddable":true,"href":"https:\/\/sportcardsmemorabilia.eu\/en\/wp-json\/wp\/v2\/card_year?post=1981"},{"taxonomy":"product_brand","embeddable":true,"href":"https:\/\/sportcardsmemorabilia.eu\/en\/wp-json\/wp\/v2\/product_brand?post=1981"},{"taxonomy":"product_cat","embeddable":true,"href":"https:\/\/sportcardsmemorabilia.eu\/en\/wp-json\/wp\/v2\/product_cat?post=1981"},{"taxonomy":"product_tag","embeddable":true,"href":"https:\/\/sportcardsmemorabilia.eu\/en\/wp-json\/wp\/v2\/product_tag?post=1981"}],"curies":[{"name":"wp","href":"https:\/\/api.w.org\/{rel}","templated":true}]}}