{"id":1983,"date":"2026-03-23T11:39:15","date_gmt":"2026-03-23T10:39:15","guid":{"rendered":"https:\/\/sportcardsmemorabilia.eu\/marketplace\/2020-21-panini-contenders-basketball-hobby-box\/"},"modified":"2026-03-23T11:39:15","modified_gmt":"2026-03-23T10:39:15","slug":"2020-21-panini-contenders-basketball-hobby-box","status":"publish","type":"product","link":"https:\/\/sportcardsmemorabilia.eu\/en\/marketplace\/2020-21-panini-contenders-basketball-hobby-box\/","title":{"rendered":"2020-21 PANINI CONTENDERS BASKETBALL HOBBY BOX"},"content":{"rendered":"<pre id=\"tw-target-text\" class=\"tw-data-text tw-text-large tw-ta\" dir=\"ltr\" role=\"text\" data-placeholder=\"Prevod\" data-ved=\"2ahUKEwj2j87E66mTAxVVgP0HHezlOnMQ3ewLegQIDBAW\" aria-label=\"Prevedeno besedilo: (1) Novo, tovarni\u0161ko zape\u010dateno Ko\u0161arkarska hobi \u0161katla Panini Contenders 2020\/21 Konfiguracija: 12 paketov na \u0161katlo. 10 kart na paket. Vsaka \u0161katla vsebuje dva avtograma, dve vzporednici in osem vlo\u017ekov ali vzporednic! OPIS IZDELKA VSTOPNICA ZA NOVINCE Contenders predstavlja enega najbolj\u0161ih kompletov avtogramov za novince v letu v sezonskih vstopnicah za novince! Poi\u0161\u010dite obilico vzporednic, vklju\u010dno s Clear Ticket, Cracked Ice in edinstveno Premium Edition Gold Vinyl! AVTOGRAMI Letos v Contenders poi\u0161\u010dite raznoliko vsebino avtogramov! Poi\u0161\u010dite najbolj\u0161e novince, veterane in legende v razli\u010dnih kompletih avtogramov. VSTAVKI Letos v Contenders ne manjka vsebine z vstavki in vzporednicami! Letos poi\u0161\u010dite priljubljene izrezke License to Dominate in Superstar, na katerih so predstavljeni najbolj\u0161i igralci z vsega sveta.\"><span class=\"Y2IQFc\" lang=\"sl\">Contenders predstavlja enega najbolj\u0161ih kompletov avtogramov za novince v letu v sezonskih vstopnicah za novince! Poi\u0161\u010dite obilico paralel, vklju\u010dno s Clear Ticket, Cracked Ice in edinstveno Premium Edition Gold Vinyl!<\/span><\/pre>\n<p>&nbsp;<\/p>\n","protected":false},"excerpt":{"rendered":"<pre class=\"tw-data-text tw-text-large tw-ta\" dir=\"ltr\" role=\"text\" data-placeholder=\"Prevod\" data-ved=\"2ahUKEwj2j87E66mTAxVVgP0HHezlOnMQ3ewLegQIDBAW\" aria-label=\"Prevedeno besedilo: (1) Novo, tovarni\u0161ko zape\u010dateno Ko\u0161arkarska hobi \u0161katla Panini Contenders 2020\/21 Konfiguracija: 12 paketov na \u0161katlo. 10 kart na paket. Vsaka \u0161katla vsebuje dva avtograma, dve vzporednici in osem vlo\u017ekov ali vzporednic! OPIS IZDELKA VSTOPNICA ZA NOVINCE Contenders predstavlja enega najbolj\u0161ih kompletov avtogramov za novince v letu v sezonskih vstopnicah za novince! Poi\u0161\u010dite obilico vzporednic, vklju\u010dno s Clear Ticket, Cracked Ice in edinstveno Premium Edition Gold Vinyl! AVTOGRAMI Letos v Contenders poi\u0161\u010dite raznoliko vsebino avtogramov! Poi\u0161\u010dite najbolj\u0161e novince, veterane in legende v razli\u010dnih kompletih avtogramov. VSTAVKI Letos v Contenders ne manjka vsebine z vstavki in vzporednicami! Letos poi\u0161\u010dite priljubljene izrezke License to Dominate in Superstar, na katerih so predstavljeni najbolj\u0161i igralci z vsega sveta.\"><span class=\"Y2IQFc\" lang=\"sl\">Novo, tovarni\u0161ko zape\u010dateno\n\nKo\u0161arkarska hobi \u0161katla Panini Contenders 2020\/21\n\nKonfiguracija: 12 paketov na \u0161katlo. 10 kart na paket.\n\n<\/span><span class=\"Y2IQFc\" lang=\"sl\">Vsaka \u0161katla vsebuje dva avtograma, dve paralelni kartici in osem vlo\u017ekov ali paralel!<\/span><\/pre>\n<pre id=\"tw-target-text\" class=\"tw-data-text tw-text-large tw-ta\" dir=\"ltr\" role=\"text\" data-placeholder=\"Prevod\" data-ved=\"2ahUKEwj2j87E66mTAxVVgP0HHezlOnMQ3ewLegQIDBAW\" aria-label=\"Prevedeno besedilo: (1) Novo, tovarni\u0161ko zape\u010dateno Ko\u0161arkarska hobi \u0161katla Panini Contenders 2020\/21 Konfiguracija: 12 paketov na \u0161katlo. 10 kart na paket. Vsaka \u0161katla vsebuje dva avtograma, dve vzporednici in osem vlo\u017ekov ali vzporednic! OPIS IZDELKA VSTOPNICA ZA NOVINCE Contenders predstavlja enega najbolj\u0161ih kompletov avtogramov za novince v letu v sezonskih vstopnicah za novince! Poi\u0161\u010dite obilico vzporednic, vklju\u010dno s Clear Ticket, Cracked Ice in edinstveno Premium Edition Gold Vinyl! AVTOGRAMI Letos v Contenders poi\u0161\u010dite raznoliko vsebino avtogramov! Poi\u0161\u010dite najbolj\u0161e novince, veterane in legende v razli\u010dnih kompletih avtogramov. VSTAVKI Letos v Contenders ne manjka vsebine z vstavki in vzporednicami! Letos poi\u0161\u010dite priljubljene izrezke License to Dominate in Superstar, na katerih so predstavljeni najbolj\u0161i igralci z vsega sveta.\"><span class=\"Y2IQFc\" lang=\"sl\">\u00a0<\/span><\/pre>\n","protected":false},"author":27,"featured_media":1984,"comment_status":"open","ping_status":"closed","template":"","meta":{"_acf_changed":false},"card_year":[],"product_brand":[],"product_cat":[279],"product_tag":[],"class_list":{"0":"post-1983","1":"product","2":"type-product","3":"status-publish","4":"has-post-thumbnail","6":"product_cat-closed-boxes-basketball","7":"sales-flash-overlay","8":"woocommerce-text-align-center","9":"woocommerce-image-align-center","10":"do-quantity-buttons","12":"first","13":"instock","14":"shipping-taxable","15":"product-type-simple"},"acf":[],"_links":{"self":[{"href":"https:\/\/sportcardsmemorabilia.eu\/en\/wp-json\/wp\/v2\/product\/1983","targetHints":{"allow":["GET"]}}],"collection":[{"href":"https:\/\/sportcardsmemorabilia.eu\/en\/wp-json\/wp\/v2\/product"}],"about":[{"href":"https:\/\/sportcardsmemorabilia.eu\/en\/wp-json\/wp\/v2\/types\/product"}],"author":[{"embeddable":true,"href":"https:\/\/sportcardsmemorabilia.eu\/en\/wp-json\/wp\/v2\/users\/27"}],"replies":[{"embeddable":true,"href":"https:\/\/sportcardsmemorabilia.eu\/en\/wp-json\/wp\/v2\/comments?post=1983"}],"wp:featuredmedia":[{"embeddable":true,"href":"https:\/\/sportcardsmemorabilia.eu\/en\/wp-json\/wp\/v2\/media\/1984"}],"wp:attachment":[{"href":"https:\/\/sportcardsmemorabilia.eu\/en\/wp-json\/wp\/v2\/media?parent=1983"}],"wp:term":[{"taxonomy":"card_year","embeddable":true,"href":"https:\/\/sportcardsmemorabilia.eu\/en\/wp-json\/wp\/v2\/card_year?post=1983"},{"taxonomy":"product_brand","embeddable":true,"href":"https:\/\/sportcardsmemorabilia.eu\/en\/wp-json\/wp\/v2\/product_brand?post=1983"},{"taxonomy":"product_cat","embeddable":true,"href":"https:\/\/sportcardsmemorabilia.eu\/en\/wp-json\/wp\/v2\/product_cat?post=1983"},{"taxonomy":"product_tag","embeddable":true,"href":"https:\/\/sportcardsmemorabilia.eu\/en\/wp-json\/wp\/v2\/product_tag?post=1983"}],"curies":[{"name":"wp","href":"https:\/\/api.w.org\/{rel}","templated":true}]}}