{"id":1985,"date":"2026-03-23T11:39:15","date_gmt":"2026-03-23T10:39:15","guid":{"rendered":"https:\/\/sportcardsmemorabilia.eu\/marketplace\/2020-21-fotl-panini-recon-nba-basketball-hobby-box\/"},"modified":"2026-03-23T11:39:15","modified_gmt":"2026-03-23T10:39:15","slug":"2020-21-fotl-panini-recon-nba-basketball-hobby-box","status":"publish","type":"product","link":"https:\/\/sportcardsmemorabilia.eu\/en\/marketplace\/2020-21-fotl-panini-recon-nba-basketball-hobby-box\/","title":{"rendered":"2020-21 FOTL PANINI RECON NBA BASKETBALL HOBBY BOX"},"content":{"rendered":"<pre id=\"\u201dtw-target-text\u201d\" class=\"\u201dtw-data-text\" dir=\"\u201dltr\u201d\" role=\"\u201dtext\u201d\" data-placeholder=\"\u201dPrevod\u201d\" data-ved=\"\u201d2ahUKEwiZ4NPppqyTAxX587sIHW3aBRAQ3ewLegQIDBAW\u201d\" aria-label=\"\u201dPrevedeno\"><span class=\"\u201dY2IQFc\u201d\" lang=\"\u201dsl\u201d\">Recon Basketball Hobby Box 2020-21 ponuja zbirateljem prilo\u017enost, da se potopijo v svet \u0161portnih zbirateljskih kartic, posebej osredoto\u010denih na ko\u0161arko. Ta \u0161katla vklju\u010duje razli\u010dne dodatke, kot so kartice s serijskimi \u0161tevilkami, kratki odtisi, hologrami in vrsta omejenih izdaj ter ekskluzivnih vlo\u017ekov.<\/span><\/pre>\n","protected":false},"excerpt":{"rendered":"<pre id=\"\u201dtw-target-text\u201d\" class=\"\u201dtw-data-text\" dir=\"\u201dltr\u201d\" role=\"\u201dtext\u201d\" data-placeholder=\"\u201dPrevod\u201d\" data-ved=\"\u201d2ahUKEwiZ4NPppqyTAxX587sIHW3aBRAQ3ewLegQIDBAW\u201d\" aria-label=\"\u201dPrevedeno\"><span class=\"\u201dY2IQFc\u201d\" lang=\"\u201dsl\u201d\">V povpre\u010dju odvijte 2 avtograma in 20 vlo\u017ekov ali paralel na \u0161katlo! Redke vlo\u017eke poi\u0161\u010dite v Eyes On The Prize in Sky\u2019s The Limit! Poi\u0161\u010dite ultra redke holografske spiralne paralele!\n\n\n\nPoi\u0161\u010dite vro\u010de novince, kot so Anthony Edwards, Deni Avdija, LaMelo Ball, Tyrese Haliburton in Tyrese Maxey, skupaj z zvezdniki, kot so Luka Don\u010di\u0107, Stephen Curry, LeBron James in drugi!<\/span><\/pre>\n","protected":false},"author":27,"featured_media":1986,"comment_status":"open","ping_status":"closed","template":"","meta":{"_acf_changed":false},"card_year":[],"product_brand":[],"product_cat":[279],"product_tag":[],"class_list":{"0":"post-1985","1":"product","2":"type-product","3":"status-publish","4":"has-post-thumbnail","6":"product_cat-closed-boxes-basketball","7":"sales-flash-overlay","8":"woocommerce-text-align-center","9":"woocommerce-image-align-center","10":"do-quantity-buttons","12":"first","13":"instock","14":"shipping-taxable","15":"product-type-simple"},"acf":[],"_links":{"self":[{"href":"https:\/\/sportcardsmemorabilia.eu\/en\/wp-json\/wp\/v2\/product\/1985","targetHints":{"allow":["GET"]}}],"collection":[{"href":"https:\/\/sportcardsmemorabilia.eu\/en\/wp-json\/wp\/v2\/product"}],"about":[{"href":"https:\/\/sportcardsmemorabilia.eu\/en\/wp-json\/wp\/v2\/types\/product"}],"author":[{"embeddable":true,"href":"https:\/\/sportcardsmemorabilia.eu\/en\/wp-json\/wp\/v2\/users\/27"}],"replies":[{"embeddable":true,"href":"https:\/\/sportcardsmemorabilia.eu\/en\/wp-json\/wp\/v2\/comments?post=1985"}],"wp:featuredmedia":[{"embeddable":true,"href":"https:\/\/sportcardsmemorabilia.eu\/en\/wp-json\/wp\/v2\/media\/1986"}],"wp:attachment":[{"href":"https:\/\/sportcardsmemorabilia.eu\/en\/wp-json\/wp\/v2\/media?parent=1985"}],"wp:term":[{"taxonomy":"card_year","embeddable":true,"href":"https:\/\/sportcardsmemorabilia.eu\/en\/wp-json\/wp\/v2\/card_year?post=1985"},{"taxonomy":"product_brand","embeddable":true,"href":"https:\/\/sportcardsmemorabilia.eu\/en\/wp-json\/wp\/v2\/product_brand?post=1985"},{"taxonomy":"product_cat","embeddable":true,"href":"https:\/\/sportcardsmemorabilia.eu\/en\/wp-json\/wp\/v2\/product_cat?post=1985"},{"taxonomy":"product_tag","embeddable":true,"href":"https:\/\/sportcardsmemorabilia.eu\/en\/wp-json\/wp\/v2\/product_tag?post=1985"}],"curies":[{"name":"wp","href":"https:\/\/api.w.org\/{rel}","templated":true}]}}