{"id":1987,"date":"2026-03-23T11:39:15","date_gmt":"2026-03-23T10:39:15","guid":{"rendered":"https:\/\/sportcardsmemorabilia.eu\/marketplace\/2020-21-panini-court-kings-basketball-hobby-box\/"},"modified":"2026-03-23T11:39:15","modified_gmt":"2026-03-23T10:39:15","slug":"2020-21-panini-court-kings-basketball-hobby-box","status":"publish","type":"product","link":"https:\/\/sportcardsmemorabilia.eu\/en\/marketplace\/2020-21-panini-court-kings-basketball-hobby-box\/","title":{"rendered":"2020-21 PANINI COURT KINGS BASKETBALL HOBBY BOX"},"content":{"rendered":"<pre id=\"\u201dtw-target-text\u201d\" class=\"\u201dtw-data-text\" dir=\"\u201dltr\u201d\" role=\"\u201dtext\u201d\" data-placeholder=\"\u201dPrevod\u201d\" data-ved=\"\u201d2ahUKEwiZ4NPppqyTAxX587sIHW3aBRAQ3ewLegQIDBAW\u201d\" aria-label=\"\u201dPrevedeno\"><span class=\"\u201dY2IQFc\u201d\" lang=\"\u201dsl\u201d\">Poi\u0161\u010dite avtograme na karticah v kategorijah Fresh Paint, Heir Apparent in Legacies Signatures! Poi\u0161\u010dite avtograme najbolj\u0161ih novincev, vklju\u010dno z LaMelo Ballom, Anthonyjem Edwardsom, Jamesom Wisemanom in drugimi!<\/span><\/pre>\n<p>&nbsp;<\/p>\n","protected":false},"excerpt":{"rendered":"<pre id=\"\u201dtw-target-text\u201d\" class=\"\u201dtw-data-text\" dir=\"\u201dltr\u201d\" role=\"\u201dtext\u201d\" data-placeholder=\"\u201dPrevod\u201d\" data-ved=\"\u201d2ahUKEwiZ4NPppqyTAxX587sIHW3aBRAQ3ewLegQIDBAW\u201d\" aria-label=\"\u201dPrevedeno\"><span class=\"\u201dY2IQFc\u201d\" lang=\"\u201dsl\u201d\">Vsaka \u0161katla vsebuje dve paraleli z avtograme ali memorabilio, eno rookie kartico, dva inserta, \u0161tiri osnovne kartice in eno paralelno kartico!\n\n\n\nPoi\u0161\u010dite rookie kartice LaMelo Balla in Anthonyja Edwardsa!<\/span><\/pre>\n","protected":false},"author":27,"featured_media":1988,"comment_status":"open","ping_status":"closed","template":"","meta":{"_acf_changed":false},"card_year":[],"product_brand":[],"product_cat":[279],"product_tag":[],"class_list":{"0":"post-1987","1":"product","2":"type-product","3":"status-publish","4":"has-post-thumbnail","6":"product_cat-closed-boxes-basketball","7":"sales-flash-overlay","8":"woocommerce-text-align-center","9":"woocommerce-image-align-center","10":"do-quantity-buttons","12":"first","13":"instock","14":"shipping-taxable","15":"product-type-simple"},"acf":[],"_links":{"self":[{"href":"https:\/\/sportcardsmemorabilia.eu\/en\/wp-json\/wp\/v2\/product\/1987","targetHints":{"allow":["GET"]}}],"collection":[{"href":"https:\/\/sportcardsmemorabilia.eu\/en\/wp-json\/wp\/v2\/product"}],"about":[{"href":"https:\/\/sportcardsmemorabilia.eu\/en\/wp-json\/wp\/v2\/types\/product"}],"author":[{"embeddable":true,"href":"https:\/\/sportcardsmemorabilia.eu\/en\/wp-json\/wp\/v2\/users\/27"}],"replies":[{"embeddable":true,"href":"https:\/\/sportcardsmemorabilia.eu\/en\/wp-json\/wp\/v2\/comments?post=1987"}],"wp:featuredmedia":[{"embeddable":true,"href":"https:\/\/sportcardsmemorabilia.eu\/en\/wp-json\/wp\/v2\/media\/1988"}],"wp:attachment":[{"href":"https:\/\/sportcardsmemorabilia.eu\/en\/wp-json\/wp\/v2\/media?parent=1987"}],"wp:term":[{"taxonomy":"card_year","embeddable":true,"href":"https:\/\/sportcardsmemorabilia.eu\/en\/wp-json\/wp\/v2\/card_year?post=1987"},{"taxonomy":"product_brand","embeddable":true,"href":"https:\/\/sportcardsmemorabilia.eu\/en\/wp-json\/wp\/v2\/product_brand?post=1987"},{"taxonomy":"product_cat","embeddable":true,"href":"https:\/\/sportcardsmemorabilia.eu\/en\/wp-json\/wp\/v2\/product_cat?post=1987"},{"taxonomy":"product_tag","embeddable":true,"href":"https:\/\/sportcardsmemorabilia.eu\/en\/wp-json\/wp\/v2\/product_tag?post=1987"}],"curies":[{"name":"wp","href":"https:\/\/api.w.org\/{rel}","templated":true}]}}