{"id":1989,"date":"2026-03-23T11:39:15","date_gmt":"2026-03-23T10:39:15","guid":{"rendered":"https:\/\/sportcardsmemorabilia.eu\/marketplace\/2022-23-panini-prizm-monopoly-basketball-blaster-box-exclusive\/"},"modified":"2026-03-23T11:39:15","modified_gmt":"2026-03-23T10:39:15","slug":"2022-23-panini-prizm-monopoly-basketball-blaster-box-exclusive","status":"publish","type":"product","link":"https:\/\/sportcardsmemorabilia.eu\/en\/marketplace\/2022-23-panini-prizm-monopoly-basketball-blaster-box-exclusive\/","title":{"rendered":"2022-23 PANINI PRIZM MONOPOLY BASKETBALL BLASTER BOX EXCLUSIVE"},"content":{"rendered":"<pre id=\"tw-target-text\" class=\"tw-data-text tw-text-large tw-ta\" dir=\"ltr\" role=\"text\" data-placeholder=\"Prevod\" data-ved=\"2ahUKEwiF7b3_mK6TAxX49wIHHdl0NrkQ3ewLegQIDBAW\" aria-label=\"Prevedeno besedilo: Pridobite si ekskluzivno \u0161katlo s karticama Prizm Monopoly Blaster Box za sezono 2022\u201323 znamke Panini! Ta \u0161katla s \u0161portnimi zbirateljskimi karticami v omejeni izdaji ima standardno velikost kartice in je popolna za vse ljubitelje Nacionalne ko\u0161arkarske zveze (NBA). \u0160katla vsebuje eno konfiguracijo \u0161katle s kompletom kart Prizm Monopoly, izdelanih iz visokokakovostnega kartona.\"><span class=\"Y2IQFc\" lang=\"sl\">Pridobite si ekskluzivno \u0161katlo s karticama Prizm Monopoly Blaster Box za sezono 2022\u201323 znamke Panini! Ta \u0161katla s \u0161portnimi zbirateljskimi karticami v omejeni izdaji ima standardno velikost kartice in je popolna za vse ljubitelje Nacionalne ko\u0161arkarske zveze (NBA). \u0160katla vsebuje eno konfiguracijo \u0161katle s kompletom kart Prizm Monopoly, izdelanih iz visokokakovostnega materiala..<\/span><\/pre>\n","protected":false},"excerpt":{"rendered":"<pre id=\"tw-target-text\" class=\"tw-data-text tw-text-large tw-ta\" dir=\"ltr\" role=\"text\" data-placeholder=\"Prevod\" data-ved=\"2ahUKEwiF7b3_mK6TAxX49wIHHdl0NrkQ3ewLegQIDBAW\" aria-label=\"Prevedeno besedilo: \u0160katla Prizm Monopoly Blaster Box za sezono 2022\u201323 ni le obvezen kos za vsakega zbiratelja ko\u0161arkarskih kartic, temve\u010d ima tudi funkcijo Free Parking Parallel Hot $, ki \u0161e dodatno pove\u010duje njeno edinstvenost. To \u0161katlo v Zdru\u017eenih dr\u017eavah Amerike izdeluje Panini, zaupanja vredno ime v industriji \u0161portnih kartic. Ne zamudite te prilo\u017enosti, da postanete lastnik ko\u0161\u010dka ko\u0161arkarske sezone 2022\u201323!\"><span class=\"Y2IQFc\" lang=\"sl\">Prizm Monopoly Blaster Box za sezono 2022\u201323 ni le obvezen kos za vsakega zbiratelja ko\u0161arkarskih kartic, temve\u010d ima tudi funkcijo Free Parking Parallel Hot $, ki \u0161e dodatno pove\u010duje njeno edinstvenost. To \u0161katlo v Zdru\u017eenih dr\u017eavah Amerike izdeluje Panini, zaupanja vredno ime v industriji \u0161portnih kartic. Ne zamudite te prilo\u017enosti, da postanete lastnik ko\u0161\u010dka ko\u0161arkarske sezone 2022\u201323!<\/span><\/pre>\n","protected":false},"author":27,"featured_media":1990,"comment_status":"open","ping_status":"closed","template":"","meta":{"_acf_changed":false},"card_year":[],"product_brand":[],"product_cat":[279],"product_tag":[],"class_list":{"0":"post-1989","1":"product","2":"type-product","3":"status-publish","4":"has-post-thumbnail","6":"product_cat-closed-boxes-basketball","7":"sales-flash-overlay","8":"woocommerce-text-align-center","9":"woocommerce-image-align-center","10":"do-quantity-buttons","12":"first","13":"instock","14":"shipping-taxable","15":"product-type-simple"},"acf":[],"_links":{"self":[{"href":"https:\/\/sportcardsmemorabilia.eu\/en\/wp-json\/wp\/v2\/product\/1989","targetHints":{"allow":["GET"]}}],"collection":[{"href":"https:\/\/sportcardsmemorabilia.eu\/en\/wp-json\/wp\/v2\/product"}],"about":[{"href":"https:\/\/sportcardsmemorabilia.eu\/en\/wp-json\/wp\/v2\/types\/product"}],"author":[{"embeddable":true,"href":"https:\/\/sportcardsmemorabilia.eu\/en\/wp-json\/wp\/v2\/users\/27"}],"replies":[{"embeddable":true,"href":"https:\/\/sportcardsmemorabilia.eu\/en\/wp-json\/wp\/v2\/comments?post=1989"}],"wp:featuredmedia":[{"embeddable":true,"href":"https:\/\/sportcardsmemorabilia.eu\/en\/wp-json\/wp\/v2\/media\/1990"}],"wp:attachment":[{"href":"https:\/\/sportcardsmemorabilia.eu\/en\/wp-json\/wp\/v2\/media?parent=1989"}],"wp:term":[{"taxonomy":"card_year","embeddable":true,"href":"https:\/\/sportcardsmemorabilia.eu\/en\/wp-json\/wp\/v2\/card_year?post=1989"},{"taxonomy":"product_brand","embeddable":true,"href":"https:\/\/sportcardsmemorabilia.eu\/en\/wp-json\/wp\/v2\/product_brand?post=1989"},{"taxonomy":"product_cat","embeddable":true,"href":"https:\/\/sportcardsmemorabilia.eu\/en\/wp-json\/wp\/v2\/product_cat?post=1989"},{"taxonomy":"product_tag","embeddable":true,"href":"https:\/\/sportcardsmemorabilia.eu\/en\/wp-json\/wp\/v2\/product_tag?post=1989"}],"curies":[{"name":"wp","href":"https:\/\/api.w.org\/{rel}","templated":true}]}}