{"id":1991,"date":"2026-03-23T11:38:53","date_gmt":"2026-03-23T10:38:53","guid":{"rendered":"https:\/\/sportcardsmemorabilia.eu\/marketplace\/benjamin-sesko-rc-topps-ucl-retro-fc-salzburg-rookie-card\/"},"modified":"2026-03-23T11:38:53","modified_gmt":"2026-03-23T10:38:53","slug":"benjamin-sesko-rc-topps-ucl-retro-fc-salzburg-rookie-card","status":"publish","type":"product","link":"https:\/\/sportcardsmemorabilia.eu\/en\/marketplace\/benjamin-sesko-rc-topps-ucl-retro-fc-salzburg-rookie-card\/","title":{"rendered":"Benjamin \u0160e\u0161ko RC \u2013 Topps UCL Retro FC Salzburg Rookie Card"},"content":{"rendered":"<p data-start=\"605\" data-end=\"824\">Originalna <strong data-start=\"616\" data-end=\"637\">rookie karta (RC)<\/strong> nogometa\u0161a <strong data-start=\"649\" data-end=\"667\">Benjamin \u0160e\u0161ko<\/strong> iz kolekcije <strong data-start=\"681\" data-end=\"720\">Topps UEFA Champions League 2021-22<\/strong>.<br data-start=\"721\" data-end=\"724\" \/>Karta ima retro dizajn v slogu klasi\u010dnih nogometnih kart in prikazuje \u0160e\u0161ka v dresu <strong data-start=\"808\" data-end=\"823\">FC Salzburg<\/strong>.<\/p>\n<p data-start=\"826\" data-end=\"973\">\u0160e\u0161ko velja za enega najve\u010djih slovenskih nogometnih talentov, ki je svojo kariero za\u010del pri Salzburgu in se kasneje prebil v ve\u010dje evropske klube.<\/p>\n<p data-start=\"975\" data-end=\"1046\">Karta je v zelo lepem stanju in primerna za zbiratelje nogometnih kart.<\/p>\n","protected":false},"excerpt":{"rendered":"<p>Rookie karta slovenskega napadalca <strong data-start=\"527\" data-end=\"545\">Benjamin \u0160e\u0161ko<\/strong> iz retro serije <strong data-start=\"562\" data-end=\"593\">Topps UEFA Champions League<\/strong>.<\/p>\n","protected":false},"author":3,"featured_media":1992,"comment_status":"open","ping_status":"closed","template":"","meta":{"_acf_changed":false},"card_year":[],"product_brand":[],"product_cat":[281],"product_tag":[],"class_list":{"0":"post-1991","1":"product","2":"type-product","3":"status-publish","4":"has-post-thumbnail","6":"product_cat-football","7":"sales-flash-overlay","8":"woocommerce-text-align-center","9":"woocommerce-image-align-center","10":"do-quantity-buttons","11":"wc-has-gallery","13":"first","14":"instock","15":"shipping-taxable","16":"product-type-simple"},"acf":[],"_links":{"self":[{"href":"https:\/\/sportcardsmemorabilia.eu\/en\/wp-json\/wp\/v2\/product\/1991","targetHints":{"allow":["GET"]}}],"collection":[{"href":"https:\/\/sportcardsmemorabilia.eu\/en\/wp-json\/wp\/v2\/product"}],"about":[{"href":"https:\/\/sportcardsmemorabilia.eu\/en\/wp-json\/wp\/v2\/types\/product"}],"author":[{"embeddable":true,"href":"https:\/\/sportcardsmemorabilia.eu\/en\/wp-json\/wp\/v2\/users\/3"}],"replies":[{"embeddable":true,"href":"https:\/\/sportcardsmemorabilia.eu\/en\/wp-json\/wp\/v2\/comments?post=1991"}],"wp:featuredmedia":[{"embeddable":true,"href":"https:\/\/sportcardsmemorabilia.eu\/en\/wp-json\/wp\/v2\/media\/1992"}],"wp:attachment":[{"href":"https:\/\/sportcardsmemorabilia.eu\/en\/wp-json\/wp\/v2\/media?parent=1991"}],"wp:term":[{"taxonomy":"card_year","embeddable":true,"href":"https:\/\/sportcardsmemorabilia.eu\/en\/wp-json\/wp\/v2\/card_year?post=1991"},{"taxonomy":"product_brand","embeddable":true,"href":"https:\/\/sportcardsmemorabilia.eu\/en\/wp-json\/wp\/v2\/product_brand?post=1991"},{"taxonomy":"product_cat","embeddable":true,"href":"https:\/\/sportcardsmemorabilia.eu\/en\/wp-json\/wp\/v2\/product_cat?post=1991"},{"taxonomy":"product_tag","embeddable":true,"href":"https:\/\/sportcardsmemorabilia.eu\/en\/wp-json\/wp\/v2\/product_tag?post=1991"}],"curies":[{"name":"wp","href":"https:\/\/api.w.org\/{rel}","templated":true}]}}