{"id":2001,"date":"2026-03-23T11:38:32","date_gmt":"2026-03-23T10:38:32","guid":{"rendered":"https:\/\/sportcardsmemorabilia.eu\/marketplace\/benjamin-sesko-68-2022-23-topps-merlin-uefa-club-competitions-fc-salzburg\/"},"modified":"2026-03-23T11:38:32","modified_gmt":"2026-03-23T10:38:32","slug":"benjamin-sesko-68-2022-23-topps-merlin-uefa-club-competitions-fc-salzburg","status":"publish","type":"product","link":"https:\/\/sportcardsmemorabilia.eu\/en\/marketplace\/benjamin-sesko-68-2022-23-topps-merlin-uefa-club-competitions-fc-salzburg\/","title":{"rendered":"Benjamin \u0160e\u0161ko #68 \u2013 2022-23 Topps Merlin UEFA Club Competitions \u2013 FC Salzburg"},"content":{"rendered":"<p>Prodajam karto <strong data-start=\"829\" data-end=\"851\">Benjamin \u0160e\u0161ko #68<\/strong> iz seta <strong data-start=\"860\" data-end=\"907\">2022-23 Topps Merlin UEFA Club Competitions<\/strong>.<br data-start=\"908\" data-end=\"911\" \/>Gre za <strong data-start=\"918\" data-end=\"926\">base<\/strong> karto igralca v dresu <strong data-start=\"949\" data-end=\"964\">FC Salzburg<\/strong>. Karta je v lepem stanju in shranjena v za\u0161\u010ditnem ovitku. Primerna za zbiratelje \u0160e\u0161ka, slovenskih igralcev ali UEFA kart.<\/p>\n","protected":false},"excerpt":{"rendered":"<p>Benjamin \u0160e\u0161ko base karta iz seta 2022-23 Topps Merlin UEFA Club Competitions. FC Salzburg.<\/p>\n","protected":false},"author":3,"featured_media":2002,"comment_status":"open","ping_status":"closed","template":"","meta":{"_acf_changed":false},"card_year":[],"product_brand":[],"product_cat":[281],"product_tag":[],"class_list":{"0":"post-2001","1":"product","2":"type-product","3":"status-publish","4":"has-post-thumbnail","6":"product_cat-football","7":"sales-flash-overlay","8":"woocommerce-text-align-center","9":"woocommerce-image-align-center","10":"do-quantity-buttons","12":"first","13":"instock","14":"shipping-taxable","15":"product-type-simple"},"acf":[],"_links":{"self":[{"href":"https:\/\/sportcardsmemorabilia.eu\/en\/wp-json\/wp\/v2\/product\/2001","targetHints":{"allow":["GET"]}}],"collection":[{"href":"https:\/\/sportcardsmemorabilia.eu\/en\/wp-json\/wp\/v2\/product"}],"about":[{"href":"https:\/\/sportcardsmemorabilia.eu\/en\/wp-json\/wp\/v2\/types\/product"}],"author":[{"embeddable":true,"href":"https:\/\/sportcardsmemorabilia.eu\/en\/wp-json\/wp\/v2\/users\/3"}],"replies":[{"embeddable":true,"href":"https:\/\/sportcardsmemorabilia.eu\/en\/wp-json\/wp\/v2\/comments?post=2001"}],"wp:featuredmedia":[{"embeddable":true,"href":"https:\/\/sportcardsmemorabilia.eu\/en\/wp-json\/wp\/v2\/media\/2002"}],"wp:attachment":[{"href":"https:\/\/sportcardsmemorabilia.eu\/en\/wp-json\/wp\/v2\/media?parent=2001"}],"wp:term":[{"taxonomy":"card_year","embeddable":true,"href":"https:\/\/sportcardsmemorabilia.eu\/en\/wp-json\/wp\/v2\/card_year?post=2001"},{"taxonomy":"product_brand","embeddable":true,"href":"https:\/\/sportcardsmemorabilia.eu\/en\/wp-json\/wp\/v2\/product_brand?post=2001"},{"taxonomy":"product_cat","embeddable":true,"href":"https:\/\/sportcardsmemorabilia.eu\/en\/wp-json\/wp\/v2\/product_cat?post=2001"},{"taxonomy":"product_tag","embeddable":true,"href":"https:\/\/sportcardsmemorabilia.eu\/en\/wp-json\/wp\/v2\/product_tag?post=2001"}],"curies":[{"name":"wp","href":"https:\/\/api.w.org\/{rel}","templated":true}]}}