{"id":2005,"date":"2026-03-23T11:38:32","date_gmt":"2026-03-23T10:38:32","guid":{"rendered":"https:\/\/sportcardsmemorabilia.eu\/marketplace\/benjamin-sesko-rc-topps-merlin-120-rookie-card-fc-salzburg\/"},"modified":"2026-03-23T11:38:32","modified_gmt":"2026-03-23T10:38:32","slug":"benjamin-sesko-rc-topps-merlin-120-rookie-card-fc-salzburg","status":"publish","type":"product","link":"https:\/\/sportcardsmemorabilia.eu\/en\/marketplace\/benjamin-sesko-rc-topps-merlin-120-rookie-card-fc-salzburg\/","title":{"rendered":"Benjamin \u0160e\u0161ko RC \u2013 Topps Merlin #120 Rookie Card (FC Salzburg)"},"content":{"rendered":"<p data-start=\"615\" data-end=\"865\">Originalna <strong data-start=\"626\" data-end=\"647\">rookie karta (RC)<\/strong> nogometa\u0161a <strong data-start=\"659\" data-end=\"677\">Benjamin \u0160e\u0161ko<\/strong> iz kolekcije <strong data-start=\"691\" data-end=\"741\">Topps Merlin UEFA Champions League 2022 (#120)<\/strong>.<br data-start=\"742\" data-end=\"745\" \/>\u0160e\u0161ko velja za enega najve\u010djih slovenskih nogometnih talentov in je \u017ee igral v evropskih tekmovanjih za <strong data-start=\"849\" data-end=\"864\">FC Salzburg<\/strong>.<\/p>\n<p data-start=\"867\" data-end=\"971\">Karta je v zelo lepem stanju in primerna za zbiratelje nogometnih kart ter navija\u010de slovenskih igralcev.<\/p>\n","protected":false},"excerpt":{"rendered":"<p>Rookie karta slovenskega napadalca <strong data-start=\"536\" data-end=\"554\">Benjamin \u0160e\u0161ko<\/strong> iz serije <strong data-start=\"565\" data-end=\"603\">Topps Merlin UEFA Champions League<\/strong>.<\/p>\n","protected":false},"author":3,"featured_media":2006,"comment_status":"open","ping_status":"closed","template":"","meta":{"_acf_changed":false},"card_year":[],"product_brand":[],"product_cat":[281],"product_tag":[],"class_list":{"0":"post-2005","1":"product","2":"type-product","3":"status-publish","4":"has-post-thumbnail","6":"product_cat-football","7":"sales-flash-overlay","8":"woocommerce-text-align-center","9":"woocommerce-image-align-center","10":"do-quantity-buttons","12":"first","13":"instock","14":"shipping-taxable","15":"product-type-simple"},"acf":[],"_links":{"self":[{"href":"https:\/\/sportcardsmemorabilia.eu\/en\/wp-json\/wp\/v2\/product\/2005","targetHints":{"allow":["GET"]}}],"collection":[{"href":"https:\/\/sportcardsmemorabilia.eu\/en\/wp-json\/wp\/v2\/product"}],"about":[{"href":"https:\/\/sportcardsmemorabilia.eu\/en\/wp-json\/wp\/v2\/types\/product"}],"author":[{"embeddable":true,"href":"https:\/\/sportcardsmemorabilia.eu\/en\/wp-json\/wp\/v2\/users\/3"}],"replies":[{"embeddable":true,"href":"https:\/\/sportcardsmemorabilia.eu\/en\/wp-json\/wp\/v2\/comments?post=2005"}],"wp:featuredmedia":[{"embeddable":true,"href":"https:\/\/sportcardsmemorabilia.eu\/en\/wp-json\/wp\/v2\/media\/2006"}],"wp:attachment":[{"href":"https:\/\/sportcardsmemorabilia.eu\/en\/wp-json\/wp\/v2\/media?parent=2005"}],"wp:term":[{"taxonomy":"card_year","embeddable":true,"href":"https:\/\/sportcardsmemorabilia.eu\/en\/wp-json\/wp\/v2\/card_year?post=2005"},{"taxonomy":"product_brand","embeddable":true,"href":"https:\/\/sportcardsmemorabilia.eu\/en\/wp-json\/wp\/v2\/product_brand?post=2005"},{"taxonomy":"product_cat","embeddable":true,"href":"https:\/\/sportcardsmemorabilia.eu\/en\/wp-json\/wp\/v2\/product_cat?post=2005"},{"taxonomy":"product_tag","embeddable":true,"href":"https:\/\/sportcardsmemorabilia.eu\/en\/wp-json\/wp\/v2\/product_tag?post=2005"}],"curies":[{"name":"wp","href":"https:\/\/api.w.org\/{rel}","templated":true}]}}