{"id":2009,"date":"2026-03-23T11:38:09","date_gmt":"2026-03-23T10:38:09","guid":{"rendered":"https:\/\/sportcardsmemorabilia.eu\/marketplace\/2024-25-panini-instant-403-luka-doncic-lakers-1-of-269\/"},"modified":"2026-03-23T11:38:09","modified_gmt":"2026-03-23T10:38:09","slug":"2024-25-panini-instant-403-luka-doncic-lakers-1-of-269","status":"publish","type":"product","link":"https:\/\/sportcardsmemorabilia.eu\/en\/marketplace\/2024-25-panini-instant-403-luka-doncic-lakers-1-of-269\/","title":{"rendered":"2024-25 Panini Instant #403 \u2013 Luka Don\u010di\u0107 (Lakers) \u2013 1 of 269"},"content":{"rendered":"<p>Prodajam <strong data-start=\"1754\" data-end=\"1796\">2024-25 Panini Instant Basketball #403<\/strong> z Luko Don\u010di\u0107 (Los Angeles Lakers) iz sezone 2024-25.<br data-start=\"1850\" data-end=\"1853\" \/>Serijska \u0161tevilka <strong data-start=\"1871\" data-end=\"1883\">1 of 269<\/strong> \u2013 omejena izdaja Instant printa.<br data-start=\"1916\" data-end=\"1919\" \/>Karta je v dobrem stanju in shranjena v za\u0161\u010ditnem ovoj\u010dku.<br data-start=\"1977\" data-end=\"1980\" \/>Idealna za zbirko Don\u010di\u0107 \/ Lakers fanov ali za grading.<br data-start=\"2035\" data-end=\"2038\" \/>Po\u0161iljanje po po\u0161ti \u2013 varno zapakirano.<\/p>\n","protected":false},"excerpt":{"rendered":"<p data-start=\"1572\" data-end=\"1718\">Panini Instant 2024-25 #403 z Luko Don\u010di\u0107em, limited print <strong data-start=\"1631\" data-end=\"1640\">1\/269<\/strong>.<br data-start=\"1641\" data-end=\"1644\" \/>Near Mint \/ ungraded. Karta dogodka \u2013 barvna foto karta iz serije Instant.<\/p>\n","protected":false},"author":3,"featured_media":2010,"comment_status":"open","ping_status":"closed","template":"","meta":{"_acf_changed":false},"card_year":[],"product_brand":[],"product_cat":[282],"product_tag":[],"class_list":{"0":"post-2009","1":"product","2":"type-product","3":"status-publish","4":"has-post-thumbnail","6":"product_cat-basketball","7":"sales-flash-overlay","8":"woocommerce-text-align-center","9":"woocommerce-image-align-center","10":"do-quantity-buttons","12":"first","13":"instock","14":"shipping-taxable","15":"product-type-simple"},"acf":[],"_links":{"self":[{"href":"https:\/\/sportcardsmemorabilia.eu\/en\/wp-json\/wp\/v2\/product\/2009","targetHints":{"allow":["GET"]}}],"collection":[{"href":"https:\/\/sportcardsmemorabilia.eu\/en\/wp-json\/wp\/v2\/product"}],"about":[{"href":"https:\/\/sportcardsmemorabilia.eu\/en\/wp-json\/wp\/v2\/types\/product"}],"author":[{"embeddable":true,"href":"https:\/\/sportcardsmemorabilia.eu\/en\/wp-json\/wp\/v2\/users\/3"}],"replies":[{"embeddable":true,"href":"https:\/\/sportcardsmemorabilia.eu\/en\/wp-json\/wp\/v2\/comments?post=2009"}],"wp:featuredmedia":[{"embeddable":true,"href":"https:\/\/sportcardsmemorabilia.eu\/en\/wp-json\/wp\/v2\/media\/2010"}],"wp:attachment":[{"href":"https:\/\/sportcardsmemorabilia.eu\/en\/wp-json\/wp\/v2\/media?parent=2009"}],"wp:term":[{"taxonomy":"card_year","embeddable":true,"href":"https:\/\/sportcardsmemorabilia.eu\/en\/wp-json\/wp\/v2\/card_year?post=2009"},{"taxonomy":"product_brand","embeddable":true,"href":"https:\/\/sportcardsmemorabilia.eu\/en\/wp-json\/wp\/v2\/product_brand?post=2009"},{"taxonomy":"product_cat","embeddable":true,"href":"https:\/\/sportcardsmemorabilia.eu\/en\/wp-json\/wp\/v2\/product_cat?post=2009"},{"taxonomy":"product_tag","embeddable":true,"href":"https:\/\/sportcardsmemorabilia.eu\/en\/wp-json\/wp\/v2\/product_tag?post=2009"}],"curies":[{"name":"wp","href":"https:\/\/api.w.org\/{rel}","templated":true}]}}