{"id":2011,"date":"2026-03-23T11:38:09","date_gmt":"2026-03-23T10:38:09","guid":{"rendered":"https:\/\/sportcardsmemorabilia.eu\/marketplace\/nikola-jokic-5-2022-23-contenders-optic-superstars-die-cut-red-wave-nuggets\/"},"modified":"2026-03-23T11:38:09","modified_gmt":"2026-03-23T10:38:09","slug":"nikola-jokic-5-2022-23-contenders-optic-superstars-die-cut-red-wave-nuggets","status":"publish","type":"product","link":"https:\/\/sportcardsmemorabilia.eu\/en\/marketplace\/nikola-jokic-5-2022-23-contenders-optic-superstars-die-cut-red-wave-nuggets\/","title":{"rendered":"Nikola Joki\u0107 #5 \u2013 2022-23 Contenders Optic Superstars Die-Cut Red Wave (Nuggets)"},"content":{"rendered":"<p>Prodam ko\u0161arkarsko karto <strong data-start=\"879\" data-end=\"895\">Nikola Joki\u0107<\/strong> \u2013 <strong data-start=\"898\" data-end=\"963\">2022-23 Panini Contenders Optic \u201cSuperstars\u201d Die-Cut Red Wave<\/strong>, <strong data-start=\"965\" data-end=\"976\">card #5<\/strong> (Denver Nuggets).<br data-start=\"994\" data-end=\"997\" \/>Karta je <strong data-start=\"1006\" data-end=\"1031\">neocenjena (ungraded)<\/strong>, hranjena za\u0161\u010diteno in poslana <strong data-start=\"1063\" data-end=\"1083\">varno zapakirana<\/strong>.<br data-start=\"1084\" data-end=\"1087\" \/>Po\u0161iljanje po dogovoru (osebnega prevzema ni).<\/p>\n","protected":false},"excerpt":{"rendered":"<p><strong data-start=\"716\" data-end=\"753\">SSP die-cut \u201cSuperstars\u201d Red Wave<\/strong> insert Nikola Joki\u0107 (#5), 2022-23 Panini Contenders Optic. Karta je za\u0161\u010ditena v one-touch.<\/p>\n","protected":false},"author":3,"featured_media":2012,"comment_status":"open","ping_status":"closed","template":"","meta":{"_acf_changed":false},"card_year":[],"product_brand":[],"product_cat":[282],"product_tag":[],"class_list":{"0":"post-2011","1":"product","2":"type-product","3":"status-publish","4":"has-post-thumbnail","6":"product_cat-basketball","7":"sales-flash-overlay","8":"woocommerce-text-align-center","9":"woocommerce-image-align-center","10":"do-quantity-buttons","12":"first","13":"instock","14":"shipping-taxable","15":"product-type-simple"},"acf":[],"_links":{"self":[{"href":"https:\/\/sportcardsmemorabilia.eu\/en\/wp-json\/wp\/v2\/product\/2011","targetHints":{"allow":["GET"]}}],"collection":[{"href":"https:\/\/sportcardsmemorabilia.eu\/en\/wp-json\/wp\/v2\/product"}],"about":[{"href":"https:\/\/sportcardsmemorabilia.eu\/en\/wp-json\/wp\/v2\/types\/product"}],"author":[{"embeddable":true,"href":"https:\/\/sportcardsmemorabilia.eu\/en\/wp-json\/wp\/v2\/users\/3"}],"replies":[{"embeddable":true,"href":"https:\/\/sportcardsmemorabilia.eu\/en\/wp-json\/wp\/v2\/comments?post=2011"}],"wp:featuredmedia":[{"embeddable":true,"href":"https:\/\/sportcardsmemorabilia.eu\/en\/wp-json\/wp\/v2\/media\/2012"}],"wp:attachment":[{"href":"https:\/\/sportcardsmemorabilia.eu\/en\/wp-json\/wp\/v2\/media?parent=2011"}],"wp:term":[{"taxonomy":"card_year","embeddable":true,"href":"https:\/\/sportcardsmemorabilia.eu\/en\/wp-json\/wp\/v2\/card_year?post=2011"},{"taxonomy":"product_brand","embeddable":true,"href":"https:\/\/sportcardsmemorabilia.eu\/en\/wp-json\/wp\/v2\/product_brand?post=2011"},{"taxonomy":"product_cat","embeddable":true,"href":"https:\/\/sportcardsmemorabilia.eu\/en\/wp-json\/wp\/v2\/product_cat?post=2011"},{"taxonomy":"product_tag","embeddable":true,"href":"https:\/\/sportcardsmemorabilia.eu\/en\/wp-json\/wp\/v2\/product_tag?post=2011"}],"curies":[{"name":"wp","href":"https:\/\/api.w.org\/{rel}","templated":true}]}}