{"id":2027,"date":"2026-03-23T11:38:08","date_gmt":"2026-03-23T10:38:08","guid":{"rendered":"https:\/\/sportcardsmemorabilia.eu\/marketplace\/2024-25-panini-donruss-basketball-winter-blaster-box-factory-sealed-90-cards\/"},"modified":"2026-03-23T11:38:08","modified_gmt":"2026-03-23T10:38:08","slug":"2024-25-panini-donruss-basketball-winter-blaster-box-factory-sealed-90-cards","status":"publish","type":"product","link":"https:\/\/sportcardsmemorabilia.eu\/en\/marketplace\/2024-25-panini-donruss-basketball-winter-blaster-box-factory-sealed-90-cards\/","title":{"rendered":"2024-25 Panini Donruss Basketball Winter Blaster Box \u2013 Factory Sealed (90 Cards)"},"content":{"rendered":"<p data-start=\"35\" data-end=\"92\">Naprodaj 2024-25 Panini Donruss NBA Winter Blaster Box.<\/p>\n<p data-start=\"94\" data-end=\"300\">Box vsebuje 90 kart (6 paketov po 15 kart).<br data-start=\"137\" data-end=\"140\" \/>Winter Blaster verzija vklju\u010duje ekskluzivne Winter paralelke (Blue &amp; Gold Winter), Optic Rated Rookie Preview Winter inserte ter mo\u017enost Snow Globe insertov.<\/p>\n<p data-start=\"302\" data-end=\"424\">\u0160katla je originalno tovarni\u0161ko zapakirana (factory sealed) z nepo\u0161kodovano Panini folijo.<br data-start=\"392\" data-end=\"395\" \/>Shranjena v suhem prostoru.<\/p>\n<p data-start=\"426\" data-end=\"498\">Po\u0161iljanje mo\u017eno po po\u0161ti \u2013 varno zapakirano.<\/p>\n","protected":false},"excerpt":{"rendered":"<p>Originalno zapakiran 2024-25 Panini Donruss Winter Blaster Box.<br data-start=\"451\" data-end=\"454\" \/>90 kart (6 paketkov po 15 kart).<br data-start=\"486\" data-end=\"489\" \/>Winter exclusive paralelke in Optic Rated Rookie preview inserti.<br data-start=\"554\" data-end=\"557\" \/>Factory sealed \u2013 nerazpakirano.<\/p>\n","protected":false},"author":3,"featured_media":2028,"comment_status":"open","ping_status":"closed","template":"","meta":{"_acf_changed":false},"card_year":[],"product_brand":[],"product_cat":[279],"product_tag":[],"class_list":{"0":"post-2027","1":"product","2":"type-product","3":"status-publish","4":"has-post-thumbnail","6":"product_cat-closed-boxes-basketball","7":"sales-flash-overlay","8":"woocommerce-text-align-center","9":"woocommerce-image-align-center","10":"do-quantity-buttons","12":"first","13":"instock","14":"shipping-taxable","15":"product-type-simple"},"acf":[],"_links":{"self":[{"href":"https:\/\/sportcardsmemorabilia.eu\/en\/wp-json\/wp\/v2\/product\/2027","targetHints":{"allow":["GET"]}}],"collection":[{"href":"https:\/\/sportcardsmemorabilia.eu\/en\/wp-json\/wp\/v2\/product"}],"about":[{"href":"https:\/\/sportcardsmemorabilia.eu\/en\/wp-json\/wp\/v2\/types\/product"}],"author":[{"embeddable":true,"href":"https:\/\/sportcardsmemorabilia.eu\/en\/wp-json\/wp\/v2\/users\/3"}],"replies":[{"embeddable":true,"href":"https:\/\/sportcardsmemorabilia.eu\/en\/wp-json\/wp\/v2\/comments?post=2027"}],"wp:featuredmedia":[{"embeddable":true,"href":"https:\/\/sportcardsmemorabilia.eu\/en\/wp-json\/wp\/v2\/media\/2028"}],"wp:attachment":[{"href":"https:\/\/sportcardsmemorabilia.eu\/en\/wp-json\/wp\/v2\/media?parent=2027"}],"wp:term":[{"taxonomy":"card_year","embeddable":true,"href":"https:\/\/sportcardsmemorabilia.eu\/en\/wp-json\/wp\/v2\/card_year?post=2027"},{"taxonomy":"product_brand","embeddable":true,"href":"https:\/\/sportcardsmemorabilia.eu\/en\/wp-json\/wp\/v2\/product_brand?post=2027"},{"taxonomy":"product_cat","embeddable":true,"href":"https:\/\/sportcardsmemorabilia.eu\/en\/wp-json\/wp\/v2\/product_cat?post=2027"},{"taxonomy":"product_tag","embeddable":true,"href":"https:\/\/sportcardsmemorabilia.eu\/en\/wp-json\/wp\/v2\/product_tag?post=2027"}],"curies":[{"name":"wp","href":"https:\/\/api.w.org\/{rel}","templated":true}]}}