{"id":2029,"date":"2026-03-23T11:38:08","date_gmt":"2026-03-23T10:38:08","guid":{"rendered":"https:\/\/sportcardsmemorabilia.eu\/marketplace\/2023-24-panini-select-soccer-blaster-box-premier-league-zapakiran\/"},"modified":"2026-03-23T11:38:08","modified_gmt":"2026-03-23T10:38:08","slug":"2023-24-panini-select-soccer-blaster-box-premier-league-zapakiran","status":"publish","type":"product","link":"https:\/\/sportcardsmemorabilia.eu\/en\/marketplace\/2023-24-panini-select-soccer-blaster-box-premier-league-zapakiran\/","title":{"rendered":"2023-24 Panini Select Soccer Blaster Box \u2013 Premier League \u2013 Zapakiran"},"content":{"rendered":"<p data-start=\"464\" data-end=\"540\">Naprodaj 2023-24 Panini Select Soccer Blaster Box \u2013 Premier League izdaja.<\/p>\n<p data-start=\"542\" data-end=\"639\">Box vsebuje 24 kart.<br data-start=\"562\" data-end=\"565\" \/>Vklju\u010duje tri nivoje kart: Terrace, Mezzanine in ultra-rare Field Level.<\/p>\n<p data-start=\"641\" data-end=\"739\">Mo\u017enost:<br data-start=\"649\" data-end=\"652\" \/>\u2022 Purple Mojo, Gold Mojo in Pink Mojo paralelk<br data-start=\"698\" data-end=\"701\" \/>\u2022 Avtogramov igralcev Premier League<\/p>\n<p data-start=\"741\" data-end=\"863\">\u0160katla je originalno tovarni\u0161ko zapakirana (factory sealed) z nepo\u0161kodovano Panini folijo.<br data-start=\"831\" data-end=\"834\" \/>Shranjena v suhem prostoru.<\/p>\n<p data-start=\"865\" data-end=\"911\">Po\u0161iljanje mo\u017eno po po\u0161ti, varno zapakirano.<\/p>\n","protected":false},"excerpt":{"rendered":"<p data-start=\"230\" data-end=\"437\">Originalno zapakiran 2023-24 Panini Select Soccer Blaster Box (Premier League).<br data-start=\"309\" data-end=\"312\" \/>24 kart v boxu.<br data-start=\"327\" data-end=\"330\" \/>Mo\u017enost Purple Mojo, Gold Mojo in Pink Mojo paralelk ter avtogramov.<br data-start=\"398\" data-end=\"401\" \/>Factory sealed. Po\u0161iljanje po po\u0161ti.<\/p>\n","protected":false},"author":3,"featured_media":2030,"comment_status":"open","ping_status":"closed","template":"","meta":{"_acf_changed":false},"card_year":[],"product_brand":[],"product_cat":[278],"product_tag":[],"class_list":{"0":"post-2029","1":"product","2":"type-product","3":"status-publish","4":"has-post-thumbnail","6":"product_cat-closed-boxes-football","7":"sales-flash-overlay","8":"woocommerce-text-align-center","9":"woocommerce-image-align-center","10":"do-quantity-buttons","12":"first","13":"instock","14":"shipping-taxable","15":"product-type-simple"},"acf":[],"_links":{"self":[{"href":"https:\/\/sportcardsmemorabilia.eu\/en\/wp-json\/wp\/v2\/product\/2029","targetHints":{"allow":["GET"]}}],"collection":[{"href":"https:\/\/sportcardsmemorabilia.eu\/en\/wp-json\/wp\/v2\/product"}],"about":[{"href":"https:\/\/sportcardsmemorabilia.eu\/en\/wp-json\/wp\/v2\/types\/product"}],"author":[{"embeddable":true,"href":"https:\/\/sportcardsmemorabilia.eu\/en\/wp-json\/wp\/v2\/users\/3"}],"replies":[{"embeddable":true,"href":"https:\/\/sportcardsmemorabilia.eu\/en\/wp-json\/wp\/v2\/comments?post=2029"}],"wp:featuredmedia":[{"embeddable":true,"href":"https:\/\/sportcardsmemorabilia.eu\/en\/wp-json\/wp\/v2\/media\/2030"}],"wp:attachment":[{"href":"https:\/\/sportcardsmemorabilia.eu\/en\/wp-json\/wp\/v2\/media?parent=2029"}],"wp:term":[{"taxonomy":"card_year","embeddable":true,"href":"https:\/\/sportcardsmemorabilia.eu\/en\/wp-json\/wp\/v2\/card_year?post=2029"},{"taxonomy":"product_brand","embeddable":true,"href":"https:\/\/sportcardsmemorabilia.eu\/en\/wp-json\/wp\/v2\/product_brand?post=2029"},{"taxonomy":"product_cat","embeddable":true,"href":"https:\/\/sportcardsmemorabilia.eu\/en\/wp-json\/wp\/v2\/product_cat?post=2029"},{"taxonomy":"product_tag","embeddable":true,"href":"https:\/\/sportcardsmemorabilia.eu\/en\/wp-json\/wp\/v2\/product_tag?post=2029"}],"curies":[{"name":"wp","href":"https:\/\/api.w.org\/{rel}","templated":true}]}}