{"id":2089,"date":"2026-03-23T12:19:39","date_gmt":"2026-03-23T11:19:39","guid":{"rendered":"https:\/\/sportcardsmemorabilia.eu\/marketplace\/2022-23-panini-hoops-basketball-nba-blaster-box\/"},"modified":"2026-03-25T14:31:19","modified_gmt":"2026-03-25T13:31:19","slug":"2022-23-panini-hoops-basketball-nba-blaster-box","status":"publish","type":"product","link":"https:\/\/sportcardsmemorabilia.eu\/en\/marketplace\/2022-23-panini-hoops-basketball-nba-blaster-box\/","title":{"rendered":"2022-23 PANINI HOOPS BASKETBALL NBA BLASTER BOX"},"content":{"rendered":"<pre id=\"tw-target-text\" class=\"tw-data-text tw-text-large tw-ta\" dir=\"ltr\" role=\"text\" data-placeholder=\"Prevod\" data-ved=\"2ahUKEwiK7Nra9LWTAxUm8bsIHehoIckQ3ewLegQIDBAW\" aria-label=\"Prevedeno besedilo: Kartice so narejene iz trpe\u017enega kartona in so v angle\u0161kem jeziku, primerne za navija\u010de Nacionalne ko\u0161arkarske zveze (NBA). S poudarkom na sezoni 2022\u201323 ta \u0161katla ponuja vrsto kart s posebnimi vzporednimi funkcijami, zaradi \u010desar je nepogre\u0161ljiva za vsakega navdu\u0161enca nad ko\u0161arkarskimi zbirateljskimi kartami.\"><span class=\"Y2IQFc\" lang=\"sl\">Kartice so narejene iz trpe\u017enega kartona in so v angle\u0161kem jeziku, primerne za navija\u010de Nacionalne ko\u0161arkarske zveze (NBA). S poudarkom na sezoni 2022\u201323 ta \u0161katla ponuja vrsto kart s posebnimi vzporednimi funkcijami, zaradi \u010desar je nepogre\u0161ljiva za vsakega navdu\u0161enca nad ko\u0161arkarskimi zbirateljskimi kartami.<\/span><\/pre>\n","protected":false},"excerpt":{"rendered":"<pre id=\"tw-target-text\" class=\"tw-data-text tw-text-large tw-ta\" dir=\"ltr\" role=\"text\" data-placeholder=\"Prevod\" data-ved=\"2ahUKEwiK7Nra9LWTAxUm8bsIHehoIckQ3ewLegQIDBAW\" aria-label=\"Prevedeno besedilo: \u0160katla Panini Hoops Basketball NBA Blaster Box za sezono 2022-23 je vznemirljiv zbirateljski predmet za ljubitelje ko\u0161arke. Ta komplet vsebuje karte priljubljenih igralcev, kot je Ja Morant, z impresivnimi 90 kartami v eni \u0161katli.\"><span class=\"Y2IQFc\" lang=\"sl\">Panini Hoops Basketball NBA Blaster Box za sezono 2022-23 je vznemirljiv zbirateljski predmet za ljubitelje ko\u0161arke. Ta komplet vsebuje karte priljubljenih igralcev, kot je Ja Morant, z impresivnimi 90 karticami v eni \u0161katli.<\/span><\/pre>\n<p>&nbsp;<\/p>\n","protected":false},"author":27,"featured_media":2090,"comment_status":"open","ping_status":"closed","template":"","meta":{"_acf_changed":false},"card_year":[],"product_brand":[],"product_cat":[279,277],"product_tag":[],"class_list":{"0":"post-2089","1":"product","2":"type-product","3":"status-publish","4":"has-post-thumbnail","6":"product_cat-closed-boxes-basketball","7":"product_cat-closed-boxes","8":"sales-flash-overlay","9":"woocommerce-text-align-center","10":"woocommerce-image-align-center","11":"do-quantity-buttons","13":"first","14":"instock","15":"shipping-taxable","16":"product-type-simple"},"acf":[],"_links":{"self":[{"href":"https:\/\/sportcardsmemorabilia.eu\/en\/wp-json\/wp\/v2\/product\/2089","targetHints":{"allow":["GET"]}}],"collection":[{"href":"https:\/\/sportcardsmemorabilia.eu\/en\/wp-json\/wp\/v2\/product"}],"about":[{"href":"https:\/\/sportcardsmemorabilia.eu\/en\/wp-json\/wp\/v2\/types\/product"}],"author":[{"embeddable":true,"href":"https:\/\/sportcardsmemorabilia.eu\/en\/wp-json\/wp\/v2\/users\/27"}],"replies":[{"embeddable":true,"href":"https:\/\/sportcardsmemorabilia.eu\/en\/wp-json\/wp\/v2\/comments?post=2089"}],"wp:featuredmedia":[{"embeddable":true,"href":"https:\/\/sportcardsmemorabilia.eu\/en\/wp-json\/wp\/v2\/media\/2090"}],"wp:attachment":[{"href":"https:\/\/sportcardsmemorabilia.eu\/en\/wp-json\/wp\/v2\/media?parent=2089"}],"wp:term":[{"taxonomy":"card_year","embeddable":true,"href":"https:\/\/sportcardsmemorabilia.eu\/en\/wp-json\/wp\/v2\/card_year?post=2089"},{"taxonomy":"product_brand","embeddable":true,"href":"https:\/\/sportcardsmemorabilia.eu\/en\/wp-json\/wp\/v2\/product_brand?post=2089"},{"taxonomy":"product_cat","embeddable":true,"href":"https:\/\/sportcardsmemorabilia.eu\/en\/wp-json\/wp\/v2\/product_cat?post=2089"},{"taxonomy":"product_tag","embeddable":true,"href":"https:\/\/sportcardsmemorabilia.eu\/en\/wp-json\/wp\/v2\/product_tag?post=2089"}],"curies":[{"name":"wp","href":"https:\/\/api.w.org\/{rel}","templated":true}]}}