{"id":2091,"date":"2026-03-23T12:33:53","date_gmt":"2026-03-23T11:33:53","guid":{"rendered":"https:\/\/sportcardsmemorabilia.eu\/marketplace\/2020-21-panini-chronicles-nba-trading-card-box-hobby\/"},"modified":"2026-03-25T14:57:06","modified_gmt":"2026-03-25T13:57:06","slug":"2020-21-panini-chronicles-nba-trading-card-box-hobby","status":"publish","type":"product","link":"https:\/\/sportcardsmemorabilia.eu\/en\/marketplace\/2020-21-panini-chronicles-nba-trading-card-box-hobby\/","title":{"rendered":"2020-21 PANINI CHRONICLES NBA TRADING CARD BOX (HOBBY)"},"content":{"rendered":"<pre id=\"tw-target-text\" class=\"tw-data-text tw-text-large tw-ta\" dir=\"ltr\" role=\"text\" data-placeholder=\"Prevod\" data-ved=\"2ahUKEwjHnIv19rWTAxVgSvEDHaVKE-0Q3ewLegQIDBAW\" aria-label=\"Prevedeno besedilo: V vsaki \u0161katli poi\u0161\u010dite 2 podpisni kartici najbolj\u0161ih zvezdnikov in novincev lige NBA iz nabora 2020\u201321. \u2013 Zbirajte kartice novincev med svojimi najljub\u0161imi izdelki, vklju\u010dno z ekskluzivnimi karticami Plates &amp; Patches, Majestic, Limited, Gala, Titanium in Gold Standard, ki so na voljo samo za hobije! I\u0161\u010dite tudi Prizm Update in Donruss Optic Traded!\"><span class=\"Y2IQFc\" lang=\"sl\">V vsaki \u0161katli poi\u0161\u010dite 2 podpisani kartici najbolj\u0161ih zvezdnikov in novincev lige NBA iz nabora 2020\u201321.\r\n\u2013 Zbirajte kartice novincev med svojimi najljub\u0161imi serijami, vklju\u010dno z ekskluzivnimi karticami Plates &amp; Patches, Majestic, Limited, Gala, Titanium in Gold Standard, ki so na voljo samo za hobije! I\u0161\u010dite tudi Prizm Update in Donruss Optic Traded!<\/span><\/pre>\n","protected":false},"excerpt":{"rendered":"<pre id=\"tw-target-text\" class=\"tw-data-text tw-text-large tw-ta\" dir=\"ltr\" role=\"text\" data-placeholder=\"Prevod\" data-ved=\"2ahUKEwjHnIv19rWTAxVgSvEDHaVKE-0Q3ewLegQIDBAW\" aria-label=\"Prevedeno besedilo: Ko\u0161arkarska serija Chronicles 2020-21 se vra\u010da s priljubljenimi scenografijami iz preteklih let, ki vklju\u010dujejo najbolj\u0161e novince in veterane v dana\u0161nji ligi NBA!\"><span class=\"Y2IQFc\" lang=\"sl\">Ko\u0161arkarska serija Chronicles 2020-21 se vra\u010da s priljubljenimi scenografijami iz preteklih let, ki vklju\u010dujejo najbolj\u0161e novince in veterane v dana\u0161nji ligi NBA!<\/span><\/pre>\n","protected":false},"author":27,"featured_media":2102,"comment_status":"open","ping_status":"closed","template":"","meta":{"_acf_changed":false},"card_year":[],"product_brand":[],"product_cat":[279,277],"product_tag":[],"class_list":{"0":"post-2091","1":"product","2":"type-product","3":"status-publish","4":"has-post-thumbnail","6":"product_cat-closed-boxes-basketball","7":"product_cat-closed-boxes","8":"sales-flash-overlay","9":"woocommerce-text-align-center","10":"woocommerce-image-align-center","11":"do-quantity-buttons","13":"first","14":"instock","15":"shipping-taxable","16":"product-type-simple"},"acf":[],"_links":{"self":[{"href":"https:\/\/sportcardsmemorabilia.eu\/en\/wp-json\/wp\/v2\/product\/2091","targetHints":{"allow":["GET"]}}],"collection":[{"href":"https:\/\/sportcardsmemorabilia.eu\/en\/wp-json\/wp\/v2\/product"}],"about":[{"href":"https:\/\/sportcardsmemorabilia.eu\/en\/wp-json\/wp\/v2\/types\/product"}],"author":[{"embeddable":true,"href":"https:\/\/sportcardsmemorabilia.eu\/en\/wp-json\/wp\/v2\/users\/27"}],"replies":[{"embeddable":true,"href":"https:\/\/sportcardsmemorabilia.eu\/en\/wp-json\/wp\/v2\/comments?post=2091"}],"wp:featuredmedia":[{"embeddable":true,"href":"https:\/\/sportcardsmemorabilia.eu\/en\/wp-json\/wp\/v2\/media\/2102"}],"wp:attachment":[{"href":"https:\/\/sportcardsmemorabilia.eu\/en\/wp-json\/wp\/v2\/media?parent=2091"}],"wp:term":[{"taxonomy":"card_year","embeddable":true,"href":"https:\/\/sportcardsmemorabilia.eu\/en\/wp-json\/wp\/v2\/card_year?post=2091"},{"taxonomy":"product_brand","embeddable":true,"href":"https:\/\/sportcardsmemorabilia.eu\/en\/wp-json\/wp\/v2\/product_brand?post=2091"},{"taxonomy":"product_cat","embeddable":true,"href":"https:\/\/sportcardsmemorabilia.eu\/en\/wp-json\/wp\/v2\/product_cat?post=2091"},{"taxonomy":"product_tag","embeddable":true,"href":"https:\/\/sportcardsmemorabilia.eu\/en\/wp-json\/wp\/v2\/product_tag?post=2091"}],"curies":[{"name":"wp","href":"https:\/\/api.w.org\/{rel}","templated":true}]}}