{"id":2092,"date":"2026-03-23T12:46:51","date_gmt":"2026-03-23T11:46:51","guid":{"rendered":"https:\/\/sportcardsmemorabilia.eu\/marketplace\/2020-21-panini-nba-hoops-basketball-hobby-box\/"},"modified":"2026-03-25T14:32:39","modified_gmt":"2026-03-25T13:32:39","slug":"2020-21-panini-nba-hoops-basketball-hobby-box","status":"publish","type":"product","link":"https:\/\/sportcardsmemorabilia.eu\/en\/marketplace\/2020-21-panini-nba-hoops-basketball-hobby-box\/","title":{"rendered":"2020-21 PANINI NBA HOOPS BASKETBALL HOBBY BOX"},"content":{"rendered":"<pre class=\"tw-data-text tw-text-large tw-ta\" dir=\"ltr\" role=\"text\" data-placeholder=\"Prevod\" data-ved=\"2ahUKEwjHnIv19rWTAxVgSvEDHaVKE-0Q3ewLegQIDBAW\" aria-label=\"Prevedeno besedilo: Sezona NBA 2020\u201321 se je vrnila in se za\u010dne s Hoops! Poi\u0161\u010dite prve karte novincev te\u017eko pri\u010dakovanega razreda NBA drafta 2020! Vzemite avtograme te\u017eko pri\u010dakovanih novincev, pa tudi najbolj\u0161ih veteranov in legend lige NBA v kolekcijah Hot Signatures Rookies in Hot Signatures! Poi\u0161\u010dite redke razli\u010dice Red Hot, omejene na 25 izvodov!\"><span class=\"Y2IQFc\" lang=\"sl\">Poi\u0161\u010dite prve karte novincev te\u017eko pri\u010dakovanega razreda NBA drafta 2020!<\/span><\/pre>\n<pre id=\"tw-target-text\" class=\"tw-data-text tw-text-large tw-ta\" dir=\"ltr\" role=\"text\" data-placeholder=\"Prevod\" data-ved=\"2ahUKEwjHnIv19rWTAxVgSvEDHaVKE-0Q3ewLegQIDBAW\" aria-label=\"Prevedeno besedilo: Sezona NBA 2020\u201321 se je vrnila in se za\u010dne s Hoops! Poi\u0161\u010dite prve karte novincev te\u017eko pri\u010dakovanega razreda NBA drafta 2020! Vzemite avtograme te\u017eko pri\u010dakovanih novincev, pa tudi najbolj\u0161ih veteranov in legend lige NBA v kolekcijah Hot Signatures Rookies in Hot Signatures! Poi\u0161\u010dite redke razli\u010dice Red Hot, omejene na 25 izvodov!\"><span class=\"Y2IQFc\" lang=\"sl\">Vzemite avtograme te\u017eko pri\u010dakovanih novincev, pa tudi najbolj\u0161ih veteranov in legend lige NBA v kolekcijah Hot Signatures Rookies in Hot Signatures! Poi\u0161\u010dite redke razli\u010dice Red Hot, omejene na 25 izvodov!<\/span><\/pre>\n<pre id=\"tw-target-text\" class=\"tw-data-text tw-text-large tw-ta\" dir=\"ltr\" role=\"text\" data-placeholder=\"Prevod\" data-ved=\"2ahUKEwjHnIv19rWTAxVgSvEDHaVKE-0Q3ewLegQIDBAW\" aria-label=\"Prevedeno besedilo: Sezona NBA 2020\u201321 se je vrnila in se za\u010dne s Hoops! Poi\u0161\u010dite prve karte novincev te\u017eko pri\u010dakovanega razreda NBA drafta 2020! Vzemite avtograme te\u017eko pri\u010dakovanih novincev, pa tudi najbolj\u0161ih veteranov in legend lige NBA v kolekcijah Hot Signatures Rookies in Hot Signatures! Poi\u0161\u010dite redke razli\u010dice Red Hot, omejene na 25 izvodov!\"><\/pre>\n","protected":false},"excerpt":{"rendered":"<pre id=\"tw-target-text\" class=\"tw-data-text tw-text-large tw-ta\" dir=\"ltr\" role=\"text\" data-placeholder=\"Prevod\" data-ved=\"2ahUKEwjHnIv19rWTAxVgSvEDHaVKE-0Q3ewLegQIDBAW\" aria-label=\"Prevedeno besedilo: Vsaka \u0161katla vsebuje dva avtograma in 24 vstavkov ali vzporednic!\"><span class=\"Y2IQFc\" lang=\"sl\">Vsaka \u0161katla vsebuje dva avtograma in 24 insertov ali paralel!<\/span><\/pre>\n","protected":false},"author":27,"featured_media":2093,"comment_status":"open","ping_status":"closed","template":"","meta":{"_acf_changed":false},"card_year":[],"product_brand":[],"product_cat":[279,277],"product_tag":[],"class_list":{"0":"post-2092","1":"product","2":"type-product","3":"status-publish","4":"has-post-thumbnail","6":"product_cat-closed-boxes-basketball","7":"product_cat-closed-boxes","8":"sales-flash-overlay","9":"woocommerce-text-align-center","10":"woocommerce-image-align-center","11":"do-quantity-buttons","13":"first","14":"instock","15":"shipping-taxable","16":"product-type-simple"},"acf":[],"_links":{"self":[{"href":"https:\/\/sportcardsmemorabilia.eu\/en\/wp-json\/wp\/v2\/product\/2092","targetHints":{"allow":["GET"]}}],"collection":[{"href":"https:\/\/sportcardsmemorabilia.eu\/en\/wp-json\/wp\/v2\/product"}],"about":[{"href":"https:\/\/sportcardsmemorabilia.eu\/en\/wp-json\/wp\/v2\/types\/product"}],"author":[{"embeddable":true,"href":"https:\/\/sportcardsmemorabilia.eu\/en\/wp-json\/wp\/v2\/users\/27"}],"replies":[{"embeddable":true,"href":"https:\/\/sportcardsmemorabilia.eu\/en\/wp-json\/wp\/v2\/comments?post=2092"}],"wp:featuredmedia":[{"embeddable":true,"href":"https:\/\/sportcardsmemorabilia.eu\/en\/wp-json\/wp\/v2\/media\/2093"}],"wp:attachment":[{"href":"https:\/\/sportcardsmemorabilia.eu\/en\/wp-json\/wp\/v2\/media?parent=2092"}],"wp:term":[{"taxonomy":"card_year","embeddable":true,"href":"https:\/\/sportcardsmemorabilia.eu\/en\/wp-json\/wp\/v2\/card_year?post=2092"},{"taxonomy":"product_brand","embeddable":true,"href":"https:\/\/sportcardsmemorabilia.eu\/en\/wp-json\/wp\/v2\/product_brand?post=2092"},{"taxonomy":"product_cat","embeddable":true,"href":"https:\/\/sportcardsmemorabilia.eu\/en\/wp-json\/wp\/v2\/product_cat?post=2092"},{"taxonomy":"product_tag","embeddable":true,"href":"https:\/\/sportcardsmemorabilia.eu\/en\/wp-json\/wp\/v2\/product_tag?post=2092"}],"curies":[{"name":"wp","href":"https:\/\/api.w.org\/{rel}","templated":true}]}}