{"id":2094,"date":"2026-03-23T13:41:44","date_gmt":"2026-03-23T12:41:44","guid":{"rendered":"https:\/\/sportcardsmemorabilia.eu\/marketplace\/2020-2021-panini-donruss-optic-nba-basketball-blaster-box\/"},"modified":"2026-03-25T14:33:15","modified_gmt":"2026-03-25T13:33:15","slug":"2020-2021-panini-donruss-optic-nba-basketball-blaster-box","status":"publish","type":"product","link":"https:\/\/sportcardsmemorabilia.eu\/en\/marketplace\/2020-2021-panini-donruss-optic-nba-basketball-blaster-box\/","title":{"rendered":"2020-2021 PANINI DONRUSS OPTIC NBA BASKETBALL BLASTER BOX"},"content":{"rendered":"<p>Ta box je odli\u010den na\u010din za za\u010detek va\u0161e zbirke ali dopolnitev obstoje\u010de. Z visokokakovostno izdelavo in vrhunsko zasnovo je odli\u010dna nalo\u017eba za vsakega navija\u010da, ki \u017eeli svojo strast do lige NBA dvigniti na vi\u0161jo raven.<\/p>\n","protected":false},"excerpt":{"rendered":"<p>Komplet 2020\u20132021 vklju\u010duje razli\u010dne \u0161portne karte z razli\u010dnimi igralci, ekipami in ligami.<\/p>\n","protected":false},"author":27,"featured_media":2095,"comment_status":"open","ping_status":"closed","template":"","meta":{"_acf_changed":false},"card_year":[],"product_brand":[],"product_cat":[279,277],"product_tag":[],"class_list":{"0":"post-2094","1":"product","2":"type-product","3":"status-publish","4":"has-post-thumbnail","6":"product_cat-closed-boxes-basketball","7":"product_cat-closed-boxes","8":"sales-flash-overlay","9":"woocommerce-text-align-center","10":"woocommerce-image-align-center","11":"do-quantity-buttons","13":"first","14":"instock","15":"shipping-taxable","16":"product-type-simple"},"acf":[],"_links":{"self":[{"href":"https:\/\/sportcardsmemorabilia.eu\/en\/wp-json\/wp\/v2\/product\/2094","targetHints":{"allow":["GET"]}}],"collection":[{"href":"https:\/\/sportcardsmemorabilia.eu\/en\/wp-json\/wp\/v2\/product"}],"about":[{"href":"https:\/\/sportcardsmemorabilia.eu\/en\/wp-json\/wp\/v2\/types\/product"}],"author":[{"embeddable":true,"href":"https:\/\/sportcardsmemorabilia.eu\/en\/wp-json\/wp\/v2\/users\/27"}],"replies":[{"embeddable":true,"href":"https:\/\/sportcardsmemorabilia.eu\/en\/wp-json\/wp\/v2\/comments?post=2094"}],"wp:featuredmedia":[{"embeddable":true,"href":"https:\/\/sportcardsmemorabilia.eu\/en\/wp-json\/wp\/v2\/media\/2095"}],"wp:attachment":[{"href":"https:\/\/sportcardsmemorabilia.eu\/en\/wp-json\/wp\/v2\/media?parent=2094"}],"wp:term":[{"taxonomy":"card_year","embeddable":true,"href":"https:\/\/sportcardsmemorabilia.eu\/en\/wp-json\/wp\/v2\/card_year?post=2094"},{"taxonomy":"product_brand","embeddable":true,"href":"https:\/\/sportcardsmemorabilia.eu\/en\/wp-json\/wp\/v2\/product_brand?post=2094"},{"taxonomy":"product_cat","embeddable":true,"href":"https:\/\/sportcardsmemorabilia.eu\/en\/wp-json\/wp\/v2\/product_cat?post=2094"},{"taxonomy":"product_tag","embeddable":true,"href":"https:\/\/sportcardsmemorabilia.eu\/en\/wp-json\/wp\/v2\/product_tag?post=2094"}],"curies":[{"name":"wp","href":"https:\/\/api.w.org\/{rel}","templated":true}]}}