{"id":2133,"date":"2026-03-30T16:12:15","date_gmt":"2026-03-30T15:12:15","guid":{"rendered":"https:\/\/sportcardsmemorabilia.eu\/marketplace\/2020-21-panini-black-nba-basketball-hobby-box-exclusive\/"},"modified":"2026-03-30T19:28:43","modified_gmt":"2026-03-30T18:28:43","slug":"2020-21-panini-black-nba-basketball-hobby-box-exclusive","status":"publish","type":"product","link":"https:\/\/sportcardsmemorabilia.eu\/en\/marketplace\/2020-21-panini-black-nba-basketball-hobby-box-exclusive\/","title":{"rendered":"2020-21 PANINI BLACK NBA BASKETBALL HOBBY BOX EXCLUSIVE"},"content":{"rendered":"<pre id=\"tw-target-text\" class=\"tw-data-text tw-text-large tw-ta\" dir=\"ltr\" role=\"text\" data-placeholder=\"Prevod\" data-ved=\"2ahUKEwj7pojX9ceTAxXG9bsIHethIqMQ3ewLegQIDBAW\" aria-label=\"Prevedeno besedilo: Komplet ko\u0161arkarskih \u017eog Panini Black za sezono 2020\u201321, vrhunski komplet, ki je na voljo izklju\u010dno na spletu, se pona\u0161a z elegantno zasnovo, ki obi\u010dajno vsebuje 1 avtogram, 2 vzporednici (o\u0161tevil\u010deni do 65 ali manj) in 2 osnovni karti (o\u0161tevil\u010deni do 149) na 5-kartni hobi paket. Med klju\u010dnimi kartami novincev so Anthony Edwards, LaMelo Ball, Tyrese Haliburton in Tyrese Maxey.\"><span class=\"Y2IQFc\" lang=\"sl\">\u0160katla Panini Black za sezono 2020\u201321, vrhunski komplet, ki je bil na voljo izklju\u010dno na spletu, se pona\u0161a z elegantno zasnovo, ki obi\u010dajno vsebuje 1 avtogram, 2 paraleli (o\u0161tevil\u010deni do 65 ali manj) in 2 osnovni karti (o\u0161tevil\u010deni do 149) na 5-kartni hobi paket. <\/span><\/pre>\n","protected":false},"excerpt":{"rendered":"<p><span class=\"Y2IQFc\" lang=\"sl\">Med klju\u010dnimi kartami novincev so Anthony Edwards, LaMelo Ball, Tyrese Haliburton in Tyrese Maxey.<\/span><\/p>\n","protected":false},"author":27,"featured_media":2134,"comment_status":"open","ping_status":"closed","template":"","meta":{"_acf_changed":false},"card_year":[],"product_brand":[],"product_cat":[279,277],"product_tag":[],"class_list":{"0":"post-2133","1":"product","2":"type-product","3":"status-publish","4":"has-post-thumbnail","6":"product_cat-closed-boxes-basketball","7":"product_cat-closed-boxes","8":"sales-flash-overlay","9":"woocommerce-text-align-center","10":"woocommerce-image-align-center","11":"do-quantity-buttons","13":"first","14":"instock","15":"shipping-taxable","16":"product-type-simple"},"acf":[],"_links":{"self":[{"href":"https:\/\/sportcardsmemorabilia.eu\/en\/wp-json\/wp\/v2\/product\/2133","targetHints":{"allow":["GET"]}}],"collection":[{"href":"https:\/\/sportcardsmemorabilia.eu\/en\/wp-json\/wp\/v2\/product"}],"about":[{"href":"https:\/\/sportcardsmemorabilia.eu\/en\/wp-json\/wp\/v2\/types\/product"}],"author":[{"embeddable":true,"href":"https:\/\/sportcardsmemorabilia.eu\/en\/wp-json\/wp\/v2\/users\/27"}],"replies":[{"embeddable":true,"href":"https:\/\/sportcardsmemorabilia.eu\/en\/wp-json\/wp\/v2\/comments?post=2133"}],"wp:featuredmedia":[{"embeddable":true,"href":"https:\/\/sportcardsmemorabilia.eu\/en\/wp-json\/wp\/v2\/media\/2134"}],"wp:attachment":[{"href":"https:\/\/sportcardsmemorabilia.eu\/en\/wp-json\/wp\/v2\/media?parent=2133"}],"wp:term":[{"taxonomy":"card_year","embeddable":true,"href":"https:\/\/sportcardsmemorabilia.eu\/en\/wp-json\/wp\/v2\/card_year?post=2133"},{"taxonomy":"product_brand","embeddable":true,"href":"https:\/\/sportcardsmemorabilia.eu\/en\/wp-json\/wp\/v2\/product_brand?post=2133"},{"taxonomy":"product_cat","embeddable":true,"href":"https:\/\/sportcardsmemorabilia.eu\/en\/wp-json\/wp\/v2\/product_cat?post=2133"},{"taxonomy":"product_tag","embeddable":true,"href":"https:\/\/sportcardsmemorabilia.eu\/en\/wp-json\/wp\/v2\/product_tag?post=2133"}],"curies":[{"name":"wp","href":"https:\/\/api.w.org\/{rel}","templated":true}]}}