{"id":2181,"date":"2026-04-01T12:02:22","date_gmt":"2026-04-01T11:02:22","guid":{"rendered":"https:\/\/sportcardsmemorabilia.eu\/marketplace\/2022-23-panini-recon-nba-hobby-box-fotl\/"},"modified":"2026-04-01T15:00:51","modified_gmt":"2026-04-01T14:00:51","slug":"2022-23-panini-recon-nba-hobby-box-fotl","status":"publish","type":"product","link":"https:\/\/sportcardsmemorabilia.eu\/en\/marketplace\/2022-23-panini-recon-nba-hobby-box-fotl\/","title":{"rendered":"2022-23 PANINI RECON NBA HOBBY BOX FOTL"},"content":{"rendered":"<pre id=\"tw-target-text\" class=\"tw-data-text tw-text-large tw-ta\" dir=\"ltr\" role=\"text\" data-placeholder=\"Prevod\" data-ved=\"2ahUKEwj_5si4tsyTAxVf9bsIHR2oKV0Q3ewLegQIDBAW\" aria-label=\"Prevedeno besedilo: Vsaka \u0161katla Hobby Box vsebuje dva avtograma z zvezdniki, legendami in novinci lige NBA! Poi\u0161\u010dite povsem nove avtograme iz acetata za drugoletnike in vra\u010dajo\u010de se avtograme iz acetata za ve\u010der nabora ter avtograme na dresih novincev!\"><span class=\"Y2IQFc\" lang=\"sl\">Vsak box vsebuje dva avtograma z zvezdniki, legendami in novinci lige NBA! Poi\u0161\u010dite povsem nove avtograme iz Sophomore Acetate Autographs in vra\u010dajo\u010deDraft Night Acetate Signatures and Rookie Jersey Autographs!<\/span><\/pre>\n","protected":false},"excerpt":{"rendered":"<pre id=\"tw-target-text\" class=\"tw-data-text tw-text-large tw-ta\" dir=\"ltr\" role=\"text\" data-placeholder=\"Prevod\" data-ved=\"2ahUKEwj_5si4tsyTAxVf9bsIHR2oKV0Q3ewLegQIDBAW\" aria-label=\"Prevedeno besedilo: Recon se vra\u010da z veliko izbiro avtogramov, vstavkov in vzporednih vsebin!\"><span class=\"Y2IQFc\" lang=\"sl\">Recon se vra\u010da z veliko izbiro avtogramov, insertov in paralel!<\/span><\/pre>\n","protected":false},"author":27,"featured_media":2182,"comment_status":"open","ping_status":"closed","template":"","meta":{"_acf_changed":false},"card_year":[],"product_brand":[],"product_cat":[279,277],"product_tag":[],"class_list":{"0":"post-2181","1":"product","2":"type-product","3":"status-publish","4":"has-post-thumbnail","6":"product_cat-closed-boxes-basketball","7":"product_cat-closed-boxes","8":"sales-flash-overlay","9":"woocommerce-text-align-center","10":"woocommerce-image-align-center","11":"do-quantity-buttons","13":"first","14":"instock","15":"shipping-taxable","16":"product-type-simple"},"acf":[],"_links":{"self":[{"href":"https:\/\/sportcardsmemorabilia.eu\/en\/wp-json\/wp\/v2\/product\/2181","targetHints":{"allow":["GET"]}}],"collection":[{"href":"https:\/\/sportcardsmemorabilia.eu\/en\/wp-json\/wp\/v2\/product"}],"about":[{"href":"https:\/\/sportcardsmemorabilia.eu\/en\/wp-json\/wp\/v2\/types\/product"}],"author":[{"embeddable":true,"href":"https:\/\/sportcardsmemorabilia.eu\/en\/wp-json\/wp\/v2\/users\/27"}],"replies":[{"embeddable":true,"href":"https:\/\/sportcardsmemorabilia.eu\/en\/wp-json\/wp\/v2\/comments?post=2181"}],"wp:featuredmedia":[{"embeddable":true,"href":"https:\/\/sportcardsmemorabilia.eu\/en\/wp-json\/wp\/v2\/media\/2182"}],"wp:attachment":[{"href":"https:\/\/sportcardsmemorabilia.eu\/en\/wp-json\/wp\/v2\/media?parent=2181"}],"wp:term":[{"taxonomy":"card_year","embeddable":true,"href":"https:\/\/sportcardsmemorabilia.eu\/en\/wp-json\/wp\/v2\/card_year?post=2181"},{"taxonomy":"product_brand","embeddable":true,"href":"https:\/\/sportcardsmemorabilia.eu\/en\/wp-json\/wp\/v2\/product_brand?post=2181"},{"taxonomy":"product_cat","embeddable":true,"href":"https:\/\/sportcardsmemorabilia.eu\/en\/wp-json\/wp\/v2\/product_cat?post=2181"},{"taxonomy":"product_tag","embeddable":true,"href":"https:\/\/sportcardsmemorabilia.eu\/en\/wp-json\/wp\/v2\/product_tag?post=2181"}],"curies":[{"name":"wp","href":"https:\/\/api.w.org\/{rel}","templated":true}]}}