{"id":2183,"date":"2026-04-01T11:28:03","date_gmt":"2026-04-01T10:28:03","guid":{"rendered":"https:\/\/sportcardsmemorabilia.eu\/marketplace\/2022-23-panini-origins-nba-fotl-hobby-box\/"},"modified":"2026-04-01T15:01:43","modified_gmt":"2026-04-01T14:01:43","slug":"2022-23-panini-origins-nba-fotl-hobby-box","status":"publish","type":"product","link":"https:\/\/sportcardsmemorabilia.eu\/en\/marketplace\/2022-23-panini-origins-nba-fotl-hobby-box\/","title":{"rendered":"2022-23 PANINI ORIGINS NBA FOTL HOBBY BOX"},"content":{"rendered":"<pre id=\"tw-target-text\" class=\"tw-data-text tw-text-large tw-ta\" dir=\"ltr\" role=\"text\" data-placeholder=\"Prevod\" data-ved=\"2ahUKEwj_5si4tsyTAxVf9bsIHR2oKV0Q3ewLegQIDBAW\" aria-label=\"Prevedeno besedilo: Poi\u0161\u010dite avtograme nekaterih najbolj\u0161ih imen v ligi NBA, starih in novih, v kompletu Universal Autographs! - Lovite novince, vklju\u010dno s Paolom Bancherom, Chetom Holmgrenom in Jabarijem Smithom Jr., v novih Elevation Signatures in priljubljenih karticah Rookie Autographs!\"><span class=\"Y2IQFc\" lang=\"sl\">Poi\u0161\u010dite avtograme nekaterih najbolj\u0161ih imen v ligi NBA, starih in novih, v kompletu Universal Autographs!\r\n\r\nI\u0161\u010dite novince, vklju\u010dno s Paolom Bancherom, Chetom Holmgrenom in Jabarijem Smithom Jr., v novih Elevation Signatures in priljubljenih karticah Rookie Autographs!<\/span><\/pre>\n","protected":false},"excerpt":{"rendered":"<pre id=\"tw-target-text\" class=\"tw-data-text tw-text-large tw-ta\" dir=\"ltr\" role=\"text\" data-placeholder=\"Prevod\" data-ved=\"2ahUKEwj_5si4tsyTAxVf9bsIHR2oKV0Q3ewLegQIDBAW\" aria-label=\"Prevedeno besedilo: Letos v Origins poi\u0161\u010dite osupljiv prikaz vsebine Rookie Patch Autograph! - Poi\u0161\u010dite vzporednice, o\u0161tevil\u010dene vse do enega najbolj\u0161ih novincev tega leta!\"><span class=\"Y2IQFc\" lang=\"sl\">v Origins poi\u0161\u010dite osupljive Rookie Patch Autographs!\r\n\r\n- Poi\u0161\u010dite paralele najbolj\u0161ih novincev tega leta!<\/span><\/pre>\n","protected":false},"author":27,"featured_media":2184,"comment_status":"open","ping_status":"closed","template":"","meta":{"_acf_changed":false},"card_year":[],"product_brand":[],"product_cat":[279,277],"product_tag":[],"class_list":{"0":"post-2183","1":"product","2":"type-product","3":"status-publish","4":"has-post-thumbnail","6":"product_cat-closed-boxes-basketball","7":"product_cat-closed-boxes","8":"sales-flash-overlay","9":"woocommerce-text-align-center","10":"woocommerce-image-align-center","11":"do-quantity-buttons","13":"first","14":"instock","15":"shipping-taxable","16":"product-type-simple"},"acf":[],"_links":{"self":[{"href":"https:\/\/sportcardsmemorabilia.eu\/en\/wp-json\/wp\/v2\/product\/2183","targetHints":{"allow":["GET"]}}],"collection":[{"href":"https:\/\/sportcardsmemorabilia.eu\/en\/wp-json\/wp\/v2\/product"}],"about":[{"href":"https:\/\/sportcardsmemorabilia.eu\/en\/wp-json\/wp\/v2\/types\/product"}],"author":[{"embeddable":true,"href":"https:\/\/sportcardsmemorabilia.eu\/en\/wp-json\/wp\/v2\/users\/27"}],"replies":[{"embeddable":true,"href":"https:\/\/sportcardsmemorabilia.eu\/en\/wp-json\/wp\/v2\/comments?post=2183"}],"wp:featuredmedia":[{"embeddable":true,"href":"https:\/\/sportcardsmemorabilia.eu\/en\/wp-json\/wp\/v2\/media\/2184"}],"wp:attachment":[{"href":"https:\/\/sportcardsmemorabilia.eu\/en\/wp-json\/wp\/v2\/media?parent=2183"}],"wp:term":[{"taxonomy":"card_year","embeddable":true,"href":"https:\/\/sportcardsmemorabilia.eu\/en\/wp-json\/wp\/v2\/card_year?post=2183"},{"taxonomy":"product_brand","embeddable":true,"href":"https:\/\/sportcardsmemorabilia.eu\/en\/wp-json\/wp\/v2\/product_brand?post=2183"},{"taxonomy":"product_cat","embeddable":true,"href":"https:\/\/sportcardsmemorabilia.eu\/en\/wp-json\/wp\/v2\/product_cat?post=2183"},{"taxonomy":"product_tag","embeddable":true,"href":"https:\/\/sportcardsmemorabilia.eu\/en\/wp-json\/wp\/v2\/product_tag?post=2183"}],"curies":[{"name":"wp","href":"https:\/\/api.w.org\/{rel}","templated":true}]}}