{"id":2185,"date":"2026-04-01T11:16:54","date_gmt":"2026-04-01T10:16:54","guid":{"rendered":"https:\/\/sportcardsmemorabilia.eu\/marketplace\/2022-23-panini-obsidian-basketball-hobby-fotl\/"},"modified":"2026-04-01T15:02:24","modified_gmt":"2026-04-01T14:02:24","slug":"2022-23-panini-obsidian-basketball-hobby-fotl","status":"publish","type":"product","link":"https:\/\/sportcardsmemorabilia.eu\/en\/marketplace\/2022-23-panini-obsidian-basketball-hobby-fotl\/","title":{"rendered":"2022-23 PANINI OBSIDIAN BASKETBALL HOBBY FOTL"},"content":{"rendered":"<pre id=\"tw-target-text\" class=\"tw-data-text tw-text-large tw-ta\" dir=\"ltr\" role=\"text\" data-placeholder=\"Prevod\" data-ved=\"2ahUKEwj_5si4tsyTAxVf9bsIHR2oKV0Q3ewLegQIDBAW\" aria-label=\"Prevedeno besedilo: Ta tovarni\u0161ko zaprta \u0161katla vsebuje vrhunske igralce, kot so Chet Holmgren, Stephen Curry, LeBron James in Luka Don\u010di\u0107, pa tudi kartice novincev in posebne vlo\u017eke.\"><span class=\"Y2IQFc\" lang=\"sl\">Ta \u0161katla vsebuje vrhunske igralce, kot so Stephen Curry, LeBron James in Luka Don\u010di\u0107, pa tudi kartice novincev in posebne inserte.<\/span><\/pre>\n","protected":false},"excerpt":{"rendered":"<pre id=\"tw-target-text\" class=\"tw-data-text tw-text-large tw-ta\" dir=\"ltr\" role=\"text\" data-placeholder=\"Prevod\" data-ved=\"2ahUKEwj_5si4tsyTAxVf9bsIHR2oKV0Q3ewLegQIDBAW\" aria-label=\"Prevedeno besedilo: Ta omejena izdaja vsebuje standardne zbirateljske kartice, izdelane iz visokokakovostnega kartona.\"><span class=\"Y2IQFc\" lang=\"sl\">Ta omejena izdaja vsebuje standardne zbirateljske kartice<\/span><\/pre>\n","protected":false},"author":27,"featured_media":2186,"comment_status":"open","ping_status":"closed","template":"","meta":{"_acf_changed":false},"card_year":[],"product_brand":[],"product_cat":[279,277],"product_tag":[],"class_list":{"0":"post-2185","1":"product","2":"type-product","3":"status-publish","4":"has-post-thumbnail","6":"product_cat-closed-boxes-basketball","7":"product_cat-closed-boxes","8":"sales-flash-overlay","9":"woocommerce-text-align-center","10":"woocommerce-image-align-center","11":"do-quantity-buttons","13":"first","14":"instock","15":"shipping-taxable","16":"product-type-simple"},"acf":[],"_links":{"self":[{"href":"https:\/\/sportcardsmemorabilia.eu\/en\/wp-json\/wp\/v2\/product\/2185","targetHints":{"allow":["GET"]}}],"collection":[{"href":"https:\/\/sportcardsmemorabilia.eu\/en\/wp-json\/wp\/v2\/product"}],"about":[{"href":"https:\/\/sportcardsmemorabilia.eu\/en\/wp-json\/wp\/v2\/types\/product"}],"author":[{"embeddable":true,"href":"https:\/\/sportcardsmemorabilia.eu\/en\/wp-json\/wp\/v2\/users\/27"}],"replies":[{"embeddable":true,"href":"https:\/\/sportcardsmemorabilia.eu\/en\/wp-json\/wp\/v2\/comments?post=2185"}],"wp:featuredmedia":[{"embeddable":true,"href":"https:\/\/sportcardsmemorabilia.eu\/en\/wp-json\/wp\/v2\/media\/2186"}],"wp:attachment":[{"href":"https:\/\/sportcardsmemorabilia.eu\/en\/wp-json\/wp\/v2\/media?parent=2185"}],"wp:term":[{"taxonomy":"card_year","embeddable":true,"href":"https:\/\/sportcardsmemorabilia.eu\/en\/wp-json\/wp\/v2\/card_year?post=2185"},{"taxonomy":"product_brand","embeddable":true,"href":"https:\/\/sportcardsmemorabilia.eu\/en\/wp-json\/wp\/v2\/product_brand?post=2185"},{"taxonomy":"product_cat","embeddable":true,"href":"https:\/\/sportcardsmemorabilia.eu\/en\/wp-json\/wp\/v2\/product_cat?post=2185"},{"taxonomy":"product_tag","embeddable":true,"href":"https:\/\/sportcardsmemorabilia.eu\/en\/wp-json\/wp\/v2\/product_tag?post=2185"}],"curies":[{"name":"wp","href":"https:\/\/api.w.org\/{rel}","templated":true}]}}