{"id":2187,"date":"2026-03-31T09:24:42","date_gmt":"2026-03-31T08:24:42","guid":{"rendered":"https:\/\/sportcardsmemorabilia.eu\/marketplace\/2020-21-panini-select-basketball-hanger-box\/"},"modified":"2026-04-01T15:03:23","modified_gmt":"2026-04-01T14:03:23","slug":"2020-21-panini-select-basketball-hanger-box","status":"publish","type":"product","link":"https:\/\/sportcardsmemorabilia.eu\/en\/marketplace\/2020-21-panini-select-basketball-hanger-box\/","title":{"rendered":"2020-21 PANINI SELECT BASKETBALL HANGER BOX"},"content":{"rendered":"<pre id=\"tw-target-text\" class=\"tw-data-text tw-text-large tw-ta\" dir=\"ltr\" role=\"text\" data-placeholder=\"Prevod\" data-ved=\"2ahUKEwir_dDWxMmTAxX-hv0HHQzDBwYQ3ewLegQIDBAW\" aria-label=\"Prevedeno besedilo: Ta \u0161katla vsebuje kartice standardne velikosti iz kartona in predstavlja vrhunske \u0161portnike, kot je Anthony Edwards iz ekipe Minnesota Timberwolves.\"><span class=\"Y2IQFc\" lang=\"sl\">Box vsebuje kartice standardne velikosti in predstavlja vrhunske \u0161portnike, kot je Anthony Edwards iz ekipe Minnesota Timberwolves.<\/span><\/pre>\n","protected":false},"excerpt":{"rendered":"<pre id=\"tw-target-text\" class=\"tw-data-text tw-text-large tw-ta\" dir=\"ltr\" role=\"text\" data-placeholder=\"Prevod\" data-ved=\"2ahUKEwir_dDWxMmTAxX-hv0HHQzDBwYQ3ewLegQIDBAW\" aria-label=\"Prevedeno besedilo: \u0160katla za obe\u0161anje ko\u0161arkarskih kart Select Basketball Hanger Box za sezono 2020\u201321 vsebuje 20 povsem novih Panini zbirateljskih kartic.\"><span class=\"Y2IQFc\" lang=\"sl\">Select Basketball Hanger Box za sezono 2020\u201321 vsebuje 20 povsem novih Panini zbirateljskih kartic.<\/span><\/pre>\n","protected":false},"author":27,"featured_media":2188,"comment_status":"open","ping_status":"closed","template":"","meta":{"_acf_changed":false},"card_year":[],"product_brand":[],"product_cat":[279,277],"product_tag":[],"class_list":{"0":"post-2187","1":"product","2":"type-product","3":"status-publish","4":"has-post-thumbnail","6":"product_cat-closed-boxes-basketball","7":"product_cat-closed-boxes","8":"sales-flash-overlay","9":"woocommerce-text-align-center","10":"woocommerce-image-align-center","11":"do-quantity-buttons","13":"first","14":"instock","15":"shipping-taxable","16":"product-type-simple"},"acf":[],"_links":{"self":[{"href":"https:\/\/sportcardsmemorabilia.eu\/en\/wp-json\/wp\/v2\/product\/2187","targetHints":{"allow":["GET"]}}],"collection":[{"href":"https:\/\/sportcardsmemorabilia.eu\/en\/wp-json\/wp\/v2\/product"}],"about":[{"href":"https:\/\/sportcardsmemorabilia.eu\/en\/wp-json\/wp\/v2\/types\/product"}],"author":[{"embeddable":true,"href":"https:\/\/sportcardsmemorabilia.eu\/en\/wp-json\/wp\/v2\/users\/27"}],"replies":[{"embeddable":true,"href":"https:\/\/sportcardsmemorabilia.eu\/en\/wp-json\/wp\/v2\/comments?post=2187"}],"wp:featuredmedia":[{"embeddable":true,"href":"https:\/\/sportcardsmemorabilia.eu\/en\/wp-json\/wp\/v2\/media\/2188"}],"wp:attachment":[{"href":"https:\/\/sportcardsmemorabilia.eu\/en\/wp-json\/wp\/v2\/media?parent=2187"}],"wp:term":[{"taxonomy":"card_year","embeddable":true,"href":"https:\/\/sportcardsmemorabilia.eu\/en\/wp-json\/wp\/v2\/card_year?post=2187"},{"taxonomy":"product_brand","embeddable":true,"href":"https:\/\/sportcardsmemorabilia.eu\/en\/wp-json\/wp\/v2\/product_brand?post=2187"},{"taxonomy":"product_cat","embeddable":true,"href":"https:\/\/sportcardsmemorabilia.eu\/en\/wp-json\/wp\/v2\/product_cat?post=2187"},{"taxonomy":"product_tag","embeddable":true,"href":"https:\/\/sportcardsmemorabilia.eu\/en\/wp-json\/wp\/v2\/product_tag?post=2187"}],"curies":[{"name":"wp","href":"https:\/\/api.w.org\/{rel}","templated":true}]}}