{"id":2189,"date":"2026-03-31T09:12:33","date_gmt":"2026-03-31T08:12:33","guid":{"rendered":"https:\/\/sportcardsmemorabilia.eu\/marketplace\/2020-21-panini-donruss-optic-basketball-complete-set\/"},"modified":"2026-04-01T15:04:20","modified_gmt":"2026-04-01T14:04:20","slug":"2020-21-panini-donruss-optic-basketball-complete-set","status":"publish","type":"product","link":"https:\/\/sportcardsmemorabilia.eu\/en\/marketplace\/2020-21-panini-donruss-optic-basketball-complete-set\/","title":{"rendered":"2020-21 PANINI DONRUSS OPTIC BASKETBALL COMPLETE SET"},"content":{"rendered":"<pre id=\"tw-target-text\" class=\"tw-data-text tw-text-large tw-ta\" dir=\"ltr\" role=\"text\" data-placeholder=\"Prevod\" data-ved=\"2ahUKEwir_dDWxMmTAxX-hv0HHQzDBwYQ3ewLegQIDBAW\" aria-label=\"Prevedeno besedilo: Kompleti vklju\u010dujejo ekskluzivne hologramske, novin\u010deve in vzporedne funkcije, zaradi \u010desar so za\u017eelen dodatek za zbiratelje zbirateljskih kartic NBA.\"><span class=\"Y2IQFc\" lang=\"sl\">Kompleti vklju\u010dujejo ekskluzivne hologramske, novin\u010deve in paralelne kartice, zaradi \u010desar so za\u017eelen dodatek za zbiratelje zbirateljskih kartic NBA.<\/span><\/pre>\n","protected":false},"excerpt":{"rendered":"<pre id=\"tw-target-text\" class=\"tw-data-text tw-text-large tw-ta\" dir=\"ltr\" role=\"text\" data-placeholder=\"Prevod\" data-ved=\"2ahUKEwir_dDWxMmTAxX-hv0HHQzDBwYQ3ewLegQIDBAW\" aria-label=\"Prevedeno besedilo: Komplet kart NBA Donruss Optic Basketball 200 za sezono 2020-21\"><span class=\"Y2IQFc\" lang=\"sl\">Komplet 200 kart NBA Donruss Optic Basketball za sezono 2020-21 + 5 dodatnih<\/span><\/pre>\n","protected":false},"author":27,"featured_media":2190,"comment_status":"open","ping_status":"closed","template":"","meta":{"_acf_changed":false},"card_year":[],"product_brand":[],"product_cat":[279,277],"product_tag":[],"class_list":{"0":"post-2189","1":"product","2":"type-product","3":"status-publish","4":"has-post-thumbnail","6":"product_cat-closed-boxes-basketball","7":"product_cat-closed-boxes","8":"sales-flash-overlay","9":"woocommerce-text-align-center","10":"woocommerce-image-align-center","11":"do-quantity-buttons","13":"first","14":"instock","15":"shipping-taxable","16":"product-type-simple"},"acf":[],"_links":{"self":[{"href":"https:\/\/sportcardsmemorabilia.eu\/en\/wp-json\/wp\/v2\/product\/2189","targetHints":{"allow":["GET"]}}],"collection":[{"href":"https:\/\/sportcardsmemorabilia.eu\/en\/wp-json\/wp\/v2\/product"}],"about":[{"href":"https:\/\/sportcardsmemorabilia.eu\/en\/wp-json\/wp\/v2\/types\/product"}],"author":[{"embeddable":true,"href":"https:\/\/sportcardsmemorabilia.eu\/en\/wp-json\/wp\/v2\/users\/27"}],"replies":[{"embeddable":true,"href":"https:\/\/sportcardsmemorabilia.eu\/en\/wp-json\/wp\/v2\/comments?post=2189"}],"wp:featuredmedia":[{"embeddable":true,"href":"https:\/\/sportcardsmemorabilia.eu\/en\/wp-json\/wp\/v2\/media\/2190"}],"wp:attachment":[{"href":"https:\/\/sportcardsmemorabilia.eu\/en\/wp-json\/wp\/v2\/media?parent=2189"}],"wp:term":[{"taxonomy":"card_year","embeddable":true,"href":"https:\/\/sportcardsmemorabilia.eu\/en\/wp-json\/wp\/v2\/card_year?post=2189"},{"taxonomy":"product_brand","embeddable":true,"href":"https:\/\/sportcardsmemorabilia.eu\/en\/wp-json\/wp\/v2\/product_brand?post=2189"},{"taxonomy":"product_cat","embeddable":true,"href":"https:\/\/sportcardsmemorabilia.eu\/en\/wp-json\/wp\/v2\/product_cat?post=2189"},{"taxonomy":"product_tag","embeddable":true,"href":"https:\/\/sportcardsmemorabilia.eu\/en\/wp-json\/wp\/v2\/product_tag?post=2189"}],"curies":[{"name":"wp","href":"https:\/\/api.w.org\/{rel}","templated":true}]}}