{"id":2191,"date":"2026-03-30T16:33:44","date_gmt":"2026-03-30T15:33:44","guid":{"rendered":"https:\/\/sportcardsmemorabilia.eu\/marketplace\/2020-21-panini-impeccable-basketball-1st-off-the-line-hobby-box-exclusive\/"},"modified":"2026-04-01T15:10:28","modified_gmt":"2026-04-01T14:10:28","slug":"2020-21-panini-impeccable-basketball-1st-off-the-line-hobby-box-exclusive","status":"publish","type":"product","link":"https:\/\/sportcardsmemorabilia.eu\/en\/marketplace\/2020-21-panini-impeccable-basketball-1st-off-the-line-hobby-box-exclusive\/","title":{"rendered":"2020\/21 PANINI IMPECCABLE BASKETBALL 1ST OFF THE LINE HOBBY BOX &#8211; EXCLUSIVE!!!!!!"},"content":{"rendered":"<pre class=\"tw-data-text tw-text-large tw-ta\" dir=\"ltr\" role=\"text\" data-placeholder=\"Prevod\" data-ved=\"2ahUKEwj7pojX9ceTAxXG9bsIHethIqMQ3ewLegQIDBAW\" aria-label=\"Prevedeno besedilo: Ekskluzivno za FOTL: 1 bonus srebrn logotip NBA s \u0161tevilko #\/15 v vsaki \u0161katli!\"><span class=\"Y2IQFc\" lang=\"sl\">Ekskluzivno za FOTL: 1 bonus srebrn logotip NBA s \u0161tevilko #\/15 v vsaki \u0161katli!\r\n<\/span><\/pre>\n<pre id=\"tw-target-text\" class=\"tw-data-text tw-text-large tw-ta\" dir=\"ltr\" role=\"text\" data-placeholder=\"Prevod\" data-ved=\"2ahUKEwj7pojX9ceTAxXG9bsIHethIqMQ3ewLegQIDBAW\" aria-label=\"Prevedeno besedilo: Stainless Stars se vra\u010da na Impeccable s podpisano razli\u010dico in razli\u010dico brez avtograma. I\u0161\u010dite vzporednice, o\u0161tevil\u010dene \u017ee od 1! - I\u0161\u010dite kartice, narejene s palicami pravega srebra in pravega zlata, naklju\u010dno vstavljenimi v \u0161katle!\"><span class=\"Y2IQFc\" lang=\"sl\">Stainless Stars se vra\u010da na Impeccable s podpisano razli\u010dico in razli\u010dico brez avtograma. I\u0161\u010dite paralele, o\u0161tevil\u010dene \u017ee od 1!\r\n- I\u0161\u010dite kartice, narejene s palicami pravega srebra in pravega zlata, naklju\u010dno vstavljenimi v \u0161katle!<\/span><\/pre>\n<pre id=\"tw-target-text\" class=\"tw-data-text tw-text-large tw-ta\" dir=\"ltr\" role=\"text\" data-placeholder=\"Prevod\" data-ved=\"2ahUKEwj7pojX9ceTAxXG9bsIHethIqMQ3ewLegQIDBAW\" aria-label=\"Prevedeno besedilo: Ekskluzivno za FOTL: 1 bonus srebrn logotip NBA s \u0161tevilko #\/15 v vsaki \u0161katli!\"><span class=\"Y2IQFc\" lang=\"sl\">\u00a0<\/span><\/pre>\n","protected":false},"excerpt":{"rendered":"<pre id=\"tw-target-text\" class=\"tw-data-text tw-text-large tw-ta\" dir=\"ltr\" role=\"text\" data-placeholder=\"Prevod\" data-ved=\"2ahUKEwj7pojX9ceTAxXG9bsIHethIqMQ3ewLegQIDBAW\" aria-label=\"Prevedeno besedilo: - 5 avtogramov - 3 podstavki ali vzporednice - 1 srebrn vlo\u017eek, zlat vlo\u017eek ali vlo\u017eek iz nerjave\u010dega jekla - Zvezde (neavtomatske)\"><span class=\"Y2IQFc\" lang=\"sl\">- 5 avtogramov\r\n- 3 osnovne ali paralele\r\n- 1 srebrn insert, zlat insert ali insert iz nerjave\u010dega jekla\r\n- Zvezde <\/span><\/pre>\n<p>&nbsp;<\/p>\n","protected":false},"author":27,"featured_media":2192,"comment_status":"open","ping_status":"closed","template":"","meta":{"_acf_changed":false},"card_year":[],"product_brand":[],"product_cat":[279,277],"product_tag":[],"class_list":{"0":"post-2191","1":"product","2":"type-product","3":"status-publish","4":"has-post-thumbnail","6":"product_cat-closed-boxes-basketball","7":"product_cat-closed-boxes","8":"sales-flash-overlay","9":"woocommerce-text-align-center","10":"woocommerce-image-align-center","11":"do-quantity-buttons","13":"first","14":"instock","15":"shipping-taxable","16":"product-type-simple"},"acf":[],"_links":{"self":[{"href":"https:\/\/sportcardsmemorabilia.eu\/en\/wp-json\/wp\/v2\/product\/2191","targetHints":{"allow":["GET"]}}],"collection":[{"href":"https:\/\/sportcardsmemorabilia.eu\/en\/wp-json\/wp\/v2\/product"}],"about":[{"href":"https:\/\/sportcardsmemorabilia.eu\/en\/wp-json\/wp\/v2\/types\/product"}],"author":[{"embeddable":true,"href":"https:\/\/sportcardsmemorabilia.eu\/en\/wp-json\/wp\/v2\/users\/27"}],"replies":[{"embeddable":true,"href":"https:\/\/sportcardsmemorabilia.eu\/en\/wp-json\/wp\/v2\/comments?post=2191"}],"wp:featuredmedia":[{"embeddable":true,"href":"https:\/\/sportcardsmemorabilia.eu\/en\/wp-json\/wp\/v2\/media\/2192"}],"wp:attachment":[{"href":"https:\/\/sportcardsmemorabilia.eu\/en\/wp-json\/wp\/v2\/media?parent=2191"}],"wp:term":[{"taxonomy":"card_year","embeddable":true,"href":"https:\/\/sportcardsmemorabilia.eu\/en\/wp-json\/wp\/v2\/card_year?post=2191"},{"taxonomy":"product_brand","embeddable":true,"href":"https:\/\/sportcardsmemorabilia.eu\/en\/wp-json\/wp\/v2\/product_brand?post=2191"},{"taxonomy":"product_cat","embeddable":true,"href":"https:\/\/sportcardsmemorabilia.eu\/en\/wp-json\/wp\/v2\/product_cat?post=2191"},{"taxonomy":"product_tag","embeddable":true,"href":"https:\/\/sportcardsmemorabilia.eu\/en\/wp-json\/wp\/v2\/product_tag?post=2191"}],"curies":[{"name":"wp","href":"https:\/\/api.w.org\/{rel}","templated":true}]}}