{"id":2207,"date":"2026-04-02T17:01:01","date_gmt":"2026-04-02T16:01:01","guid":{"rendered":"https:\/\/sportcardsmemorabilia.eu\/marketplace\/2020-21-panini-donruss-basketball-blaster-box\/"},"modified":"2026-04-04T21:26:34","modified_gmt":"2026-04-04T20:26:34","slug":"2020-21-panini-donruss-basketball-blaster-box","status":"publish","type":"product","link":"https:\/\/sportcardsmemorabilia.eu\/en\/marketplace\/2020-21-panini-donruss-basketball-blaster-box\/","title":{"rendered":"2020-21 PANINI DONRUSS BASKETBALL BLASTER BOX"},"content":{"rendered":"<pre id=\"tw-target-text\" class=\"tw-data-text tw-text-large tw-ta\" dir=\"ltr\" role=\"text\" data-placeholder=\"Prevod\" data-ved=\"2ahUKEwihwrmAxs-TAxVpRv4FHX0pCLkQ3ewLegQIDBAW\" aria-label=\"Prevedeno besedilo: Poi\u0161\u010dite ikoni\u010dne kartice Rated Rookie v Donrussu - Poi\u0161\u010dite 1 kartico z avtogramom ali spominsko kartico na \u0161katlo - Blaster Exclusive Holo Orange Laser &amp; Holo Purple Laser Parallels - Poi\u0161\u010dite Blaster Exclusive spominske kartice Jersey Series\"><span class=\"Y2IQFc\" lang=\"sl\">Poi\u0161\u010dite ikoni\u010dne kartice Rated Rookie v Donrussu\r\nPoi\u0161\u010dite 1 kartico z avtogramom ali spominsko kartico na \u0161katlo\r\nBlaster Exclusive Holo Orange Laser &amp; Holo Purple Laser Parallels\r\nPoi\u0161\u010dite Blaster Exclusive spominske kartice Jersey Series<\/span><\/pre>\n","protected":false},"excerpt":{"rendered":"<pre id=\"tw-target-text\" class=\"tw-data-text tw-text-large tw-ta\" dir=\"ltr\" role=\"text\" data-placeholder=\"Prevod\" data-ved=\"2ahUKEwihwrmAxs-TAxVpRv4FHX0pCLkQ3ewLegQIDBAW\" aria-label=\"Prevedeno besedilo: Donruss za sezono 2020\u201321 ponuja osnovni komplet z 250 kartami, 200 veterani in 50 ikoni\u010dnimi ocenjenimi novinci!\"><span class=\"Y2IQFc\" lang=\"sl\">Donruss za sezono 2020\u201321 ponuja osnovni komplet z 250 kartami, 200 veterani in 50 ikoni\u010dnimi Rated rookies!<\/span><\/pre>\n","protected":false},"author":27,"featured_media":2208,"comment_status":"open","ping_status":"closed","template":"","meta":{"_acf_changed":false},"card_year":[],"product_brand":[],"product_cat":[279,277],"product_tag":[],"class_list":{"0":"post-2207","1":"product","2":"type-product","3":"status-publish","4":"has-post-thumbnail","6":"product_cat-closed-boxes-basketball","7":"product_cat-closed-boxes","8":"sales-flash-overlay","9":"woocommerce-text-align-center","10":"woocommerce-image-align-center","11":"do-quantity-buttons","12":"wc-has-gallery","14":"first","15":"instock","16":"shipping-taxable","17":"product-type-simple"},"acf":[],"_links":{"self":[{"href":"https:\/\/sportcardsmemorabilia.eu\/en\/wp-json\/wp\/v2\/product\/2207","targetHints":{"allow":["GET"]}}],"collection":[{"href":"https:\/\/sportcardsmemorabilia.eu\/en\/wp-json\/wp\/v2\/product"}],"about":[{"href":"https:\/\/sportcardsmemorabilia.eu\/en\/wp-json\/wp\/v2\/types\/product"}],"author":[{"embeddable":true,"href":"https:\/\/sportcardsmemorabilia.eu\/en\/wp-json\/wp\/v2\/users\/27"}],"replies":[{"embeddable":true,"href":"https:\/\/sportcardsmemorabilia.eu\/en\/wp-json\/wp\/v2\/comments?post=2207"}],"wp:featuredmedia":[{"embeddable":true,"href":"https:\/\/sportcardsmemorabilia.eu\/en\/wp-json\/wp\/v2\/media\/2208"}],"wp:attachment":[{"href":"https:\/\/sportcardsmemorabilia.eu\/en\/wp-json\/wp\/v2\/media?parent=2207"}],"wp:term":[{"taxonomy":"card_year","embeddable":true,"href":"https:\/\/sportcardsmemorabilia.eu\/en\/wp-json\/wp\/v2\/card_year?post=2207"},{"taxonomy":"product_brand","embeddable":true,"href":"https:\/\/sportcardsmemorabilia.eu\/en\/wp-json\/wp\/v2\/product_brand?post=2207"},{"taxonomy":"product_cat","embeddable":true,"href":"https:\/\/sportcardsmemorabilia.eu\/en\/wp-json\/wp\/v2\/product_cat?post=2207"},{"taxonomy":"product_tag","embeddable":true,"href":"https:\/\/sportcardsmemorabilia.eu\/en\/wp-json\/wp\/v2\/product_tag?post=2207"}],"curies":[{"name":"wp","href":"https:\/\/api.w.org\/{rel}","templated":true}]}}