{"id":2209,"date":"2026-04-02T17:14:45","date_gmt":"2026-04-02T16:14:45","guid":{"rendered":"https:\/\/sportcardsmemorabilia.eu\/marketplace\/2021-22-panini-donruss-basketball-blaster-box\/"},"modified":"2026-04-04T21:27:08","modified_gmt":"2026-04-04T20:27:08","slug":"2021-22-panini-donruss-basketball-blaster-box","status":"publish","type":"product","link":"https:\/\/sportcardsmemorabilia.eu\/en\/marketplace\/2021-22-panini-donruss-basketball-blaster-box\/","title":{"rendered":"2021-22 PANINI DONRUSS BASKETBALL BLASTER BOX"},"content":{"rendered":"<pre id=\"tw-target-text\" class=\"tw-data-text tw-text-large tw-ta\" dir=\"ltr\" role=\"text\" data-placeholder=\"Prevod\" data-ved=\"2ahUKEwihwrmAxs-TAxVpRv4FHX0pCLkQ3ewLegQIDBAW\" aria-label=\"Prevedeno besedilo: Kultna blagovna znamka Donruss vra\u010da ko\u0161arkarski koledar in zbirateljem iz preteklosti do sedanjosti ponuja znane osnovne in vstavljive komplete.\"><span class=\"Y2IQFc\" lang=\"sl\">Kultna blagovna znamka Donruss ponovno navdu\u0161uje in zbirateljem ponuja znane osnovne komplete in inserte.<\/span><\/pre>\n","protected":false},"excerpt":{"rendered":"<pre id=\"tw-target-text\" class=\"tw-data-text tw-text-large tw-ta\" dir=\"ltr\" role=\"text\" data-placeholder=\"Prevod\" data-ved=\"2ahUKEwihwrmAxs-TAxVpRv4FHX0pCLkQ3ewLegQIDBAW\" aria-label=\"Prevedeno besedilo: Poi\u0161\u010dite avtograme najbolj\u0161ih novincev na naboru NBA 2021 v Ocenjeni podpisi novincev\"><span class=\"Y2IQFc\" lang=\"sl\">Poi\u0161\u010dite avtograme najbolj\u0161ih novincev na naboru NBA 2021<\/span><\/pre>\n","protected":false},"author":27,"featured_media":2210,"comment_status":"open","ping_status":"closed","template":"","meta":{"_acf_changed":false},"card_year":[],"product_brand":[],"product_cat":[279,277],"product_tag":[],"class_list":{"0":"post-2209","1":"product","2":"type-product","3":"status-publish","4":"has-post-thumbnail","6":"product_cat-closed-boxes-basketball","7":"product_cat-closed-boxes","8":"sales-flash-overlay","9":"woocommerce-text-align-center","10":"woocommerce-image-align-center","11":"do-quantity-buttons","12":"wc-has-gallery","14":"first","15":"instock","16":"shipping-taxable","17":"product-type-simple"},"acf":[],"_links":{"self":[{"href":"https:\/\/sportcardsmemorabilia.eu\/en\/wp-json\/wp\/v2\/product\/2209","targetHints":{"allow":["GET"]}}],"collection":[{"href":"https:\/\/sportcardsmemorabilia.eu\/en\/wp-json\/wp\/v2\/product"}],"about":[{"href":"https:\/\/sportcardsmemorabilia.eu\/en\/wp-json\/wp\/v2\/types\/product"}],"author":[{"embeddable":true,"href":"https:\/\/sportcardsmemorabilia.eu\/en\/wp-json\/wp\/v2\/users\/27"}],"replies":[{"embeddable":true,"href":"https:\/\/sportcardsmemorabilia.eu\/en\/wp-json\/wp\/v2\/comments?post=2209"}],"wp:featuredmedia":[{"embeddable":true,"href":"https:\/\/sportcardsmemorabilia.eu\/en\/wp-json\/wp\/v2\/media\/2210"}],"wp:attachment":[{"href":"https:\/\/sportcardsmemorabilia.eu\/en\/wp-json\/wp\/v2\/media?parent=2209"}],"wp:term":[{"taxonomy":"card_year","embeddable":true,"href":"https:\/\/sportcardsmemorabilia.eu\/en\/wp-json\/wp\/v2\/card_year?post=2209"},{"taxonomy":"product_brand","embeddable":true,"href":"https:\/\/sportcardsmemorabilia.eu\/en\/wp-json\/wp\/v2\/product_brand?post=2209"},{"taxonomy":"product_cat","embeddable":true,"href":"https:\/\/sportcardsmemorabilia.eu\/en\/wp-json\/wp\/v2\/product_cat?post=2209"},{"taxonomy":"product_tag","embeddable":true,"href":"https:\/\/sportcardsmemorabilia.eu\/en\/wp-json\/wp\/v2\/product_tag?post=2209"}],"curies":[{"name":"wp","href":"https:\/\/api.w.org\/{rel}","templated":true}]}}