{"id":2278,"date":"2026-04-05T07:30:17","date_gmt":"2026-04-05T06:30:17","guid":{"rendered":"https:\/\/sportcardsmemorabilia.eu\/marketplace\/tibo-persyn-1st-bowman-chrome-2022-topps-u21-belgium-kartica\/"},"modified":"2026-04-05T12:24:21","modified_gmt":"2026-04-05T11:24:21","slug":"tibo-persyn-1st-bowman-chrome-2022-topps-u21-belgium-kartica","status":"publish","type":"product","link":"https:\/\/sportcardsmemorabilia.eu\/en\/marketplace\/tibo-persyn-1st-bowman-chrome-2022-topps-u21-belgium-kartica\/","title":{"rendered":"Tibo Persyn 1st Bowman Chrome 2022 Topps U21 Belgium kartica"},"content":{"rendered":"","protected":false},"excerpt":{"rendered":"<p style=\"text-align: left;\">Nogometna kartica Tibo Persyn \u2013 1st Bowman Chrome (Topps)<\/p>\n<p style=\"text-align: left;\">Original kartica belgijskega igralca Tiba Persyna iz serije Bowman Chrome. Gre za njegovo \u201c1st Bowman\u201d kartico, kar je zanimivo za zbiratelje.<\/p>\n<p style=\"text-align: left;\">Kartica je v zelo dobrem stanju (glej slike). Idealna za zbiratelje nogometnih kartic ali vlagatelje v mlade talente.<\/p>\n<p style=\"text-align: left;\">Po\u0161iljanje mo\u017eno, dobro za\u0161\u010diteno. Po\u0161tnina ni v\u0161teta v ceno in se obra\u010duna posebej.<\/p>\n","protected":false},"author":36,"featured_media":2279,"comment_status":"open","ping_status":"closed","template":"","meta":{"_acf_changed":false},"card_year":[],"product_brand":[],"product_cat":[281,280],"product_tag":[],"class_list":{"0":"post-2278","1":"product","2":"type-product","3":"status-publish","4":"has-post-thumbnail","6":"product_cat-football","7":"product_cat-sport-cards","8":"sales-flash-overlay","9":"woocommerce-text-align-center","10":"woocommerce-image-align-center","11":"do-quantity-buttons","12":"wc-has-gallery","14":"first","15":"instock","16":"shipping-taxable","17":"product-type-simple"},"acf":[],"_links":{"self":[{"href":"https:\/\/sportcardsmemorabilia.eu\/en\/wp-json\/wp\/v2\/product\/2278","targetHints":{"allow":["GET"]}}],"collection":[{"href":"https:\/\/sportcardsmemorabilia.eu\/en\/wp-json\/wp\/v2\/product"}],"about":[{"href":"https:\/\/sportcardsmemorabilia.eu\/en\/wp-json\/wp\/v2\/types\/product"}],"author":[{"embeddable":true,"href":"https:\/\/sportcardsmemorabilia.eu\/en\/wp-json\/wp\/v2\/users\/36"}],"replies":[{"embeddable":true,"href":"https:\/\/sportcardsmemorabilia.eu\/en\/wp-json\/wp\/v2\/comments?post=2278"}],"wp:featuredmedia":[{"embeddable":true,"href":"https:\/\/sportcardsmemorabilia.eu\/en\/wp-json\/wp\/v2\/media\/2279"}],"wp:attachment":[{"href":"https:\/\/sportcardsmemorabilia.eu\/en\/wp-json\/wp\/v2\/media?parent=2278"}],"wp:term":[{"taxonomy":"card_year","embeddable":true,"href":"https:\/\/sportcardsmemorabilia.eu\/en\/wp-json\/wp\/v2\/card_year?post=2278"},{"taxonomy":"product_brand","embeddable":true,"href":"https:\/\/sportcardsmemorabilia.eu\/en\/wp-json\/wp\/v2\/product_brand?post=2278"},{"taxonomy":"product_cat","embeddable":true,"href":"https:\/\/sportcardsmemorabilia.eu\/en\/wp-json\/wp\/v2\/product_cat?post=2278"},{"taxonomy":"product_tag","embeddable":true,"href":"https:\/\/sportcardsmemorabilia.eu\/en\/wp-json\/wp\/v2\/product_tag?post=2278"}],"curies":[{"name":"wp","href":"https:\/\/api.w.org\/{rel}","templated":true}]}}