{"id":2321,"date":"2026-03-31T07:41:38","date_gmt":"2026-03-31T06:41:38","guid":{"rendered":"https:\/\/sportcardsmemorabilia.eu\/marketplace\/2021-22-panini-nba-hoops-basketball-premium-box\/"},"modified":"2026-04-05T12:47:28","modified_gmt":"2026-04-05T11:47:28","slug":"2021-22-panini-nba-hoops-basketball-premium-box","status":"publish","type":"product","link":"https:\/\/sportcardsmemorabilia.eu\/en\/marketplace\/2021-22-panini-nba-hoops-basketball-premium-box\/","title":{"rendered":"2021-22 PANINI NBA HOOPS BASKETBALL PREMIUM BOX"},"content":{"rendered":"<pre id=\"tw-target-text\" class=\"tw-data-text tw-text-large tw-ta\" dir=\"ltr\" role=\"text\" data-placeholder=\"Prevod\" data-ved=\"2ahUKEwir_dDWxMmTAxX-hv0HHQzDBwYQ3ewLegQIDBAW\" aria-label=\"Prevedeno besedilo: Poi\u0161\u010dite 1 avtogramov iz kompleta Base Hoops Tribute Premium Box Set, vse o\u0161tevil\u010dene do 10!\"><span class=\"Y2IQFc\" lang=\"sl\">Poi\u0161\u010dite avtogram iz kompleta Base Hoops Tribute Premium Box Set, vse o\u0161tevil\u010dene do 10!<\/span><\/pre>\n","protected":false},"excerpt":{"rendered":"<pre id=\"tw-target-text\" class=\"tw-data-text tw-text-large tw-ta\" dir=\"ltr\" role=\"text\" data-placeholder=\"Prevod\" data-ved=\"2ahUKEwir_dDWxMmTAxX-hv0HHQzDBwYQ3ewLegQIDBAW\" aria-label=\"Prevedeno besedilo: Komplet Hoops Premium Box Set vsebuje celoten komplet 270 kart, vklju\u010dno z Base, Base Rookie in Base Hoops Tribute, vse o\u0161tevil\u010dene do 199!\"><span class=\"Y2IQFc\" lang=\"sl\">Premium Box Set vsebuje celoten komplet 270 kart, vklju\u010dno z Base, Base Rookie in Base Hoops Tribute, vse o\u0161tevil\u010dene do 199!<\/span><\/pre>\n","protected":false},"author":27,"featured_media":2322,"comment_status":"open","ping_status":"closed","template":"","meta":{"_acf_changed":false},"card_year":[],"product_brand":[],"product_cat":[279,277],"product_tag":[],"class_list":{"0":"post-2321","1":"product","2":"type-product","3":"status-publish","4":"has-post-thumbnail","6":"product_cat-closed-boxes-basketball","7":"product_cat-closed-boxes","8":"sales-flash-overlay","9":"woocommerce-text-align-center","10":"woocommerce-image-align-center","11":"do-quantity-buttons","13":"first","14":"instock","15":"shipping-taxable","16":"product-type-simple"},"acf":[],"_links":{"self":[{"href":"https:\/\/sportcardsmemorabilia.eu\/en\/wp-json\/wp\/v2\/product\/2321","targetHints":{"allow":["GET"]}}],"collection":[{"href":"https:\/\/sportcardsmemorabilia.eu\/en\/wp-json\/wp\/v2\/product"}],"about":[{"href":"https:\/\/sportcardsmemorabilia.eu\/en\/wp-json\/wp\/v2\/types\/product"}],"author":[{"embeddable":true,"href":"https:\/\/sportcardsmemorabilia.eu\/en\/wp-json\/wp\/v2\/users\/27"}],"replies":[{"embeddable":true,"href":"https:\/\/sportcardsmemorabilia.eu\/en\/wp-json\/wp\/v2\/comments?post=2321"}],"wp:featuredmedia":[{"embeddable":true,"href":"https:\/\/sportcardsmemorabilia.eu\/en\/wp-json\/wp\/v2\/media\/2322"}],"wp:attachment":[{"href":"https:\/\/sportcardsmemorabilia.eu\/en\/wp-json\/wp\/v2\/media?parent=2321"}],"wp:term":[{"taxonomy":"card_year","embeddable":true,"href":"https:\/\/sportcardsmemorabilia.eu\/en\/wp-json\/wp\/v2\/card_year?post=2321"},{"taxonomy":"product_brand","embeddable":true,"href":"https:\/\/sportcardsmemorabilia.eu\/en\/wp-json\/wp\/v2\/product_brand?post=2321"},{"taxonomy":"product_cat","embeddable":true,"href":"https:\/\/sportcardsmemorabilia.eu\/en\/wp-json\/wp\/v2\/product_cat?post=2321"},{"taxonomy":"product_tag","embeddable":true,"href":"https:\/\/sportcardsmemorabilia.eu\/en\/wp-json\/wp\/v2\/product_tag?post=2321"}],"curies":[{"name":"wp","href":"https:\/\/api.w.org\/{rel}","templated":true}]}}