{"id":2404,"date":"2026-04-06T19:10:11","date_gmt":"2026-04-06T18:10:11","guid":{"rendered":"https:\/\/sportcardsmemorabilia.eu\/marketplace\/nikola-jokic-upper-echelon-149-sp-prizm-%f0%9f%94%a5\/"},"modified":"2026-04-06T19:59:11","modified_gmt":"2026-04-06T18:59:11","slug":"nikola-jokic-upper-echelon-149-sp-prizm-%f0%9f%94%a5","status":"publish","type":"product","link":"https:\/\/sportcardsmemorabilia.eu\/en\/marketplace\/nikola-jokic-upper-echelon-149-sp-prizm-%f0%9f%94%a5\/","title":{"rendered":"Nikola Joki\u0107 Upper Echelon \/149 SP Prizm \ud83d\udd25"},"content":{"rendered":"<p data-start=\"189\" data-end=\"273\">Original Panini Status Upper Echelon karta z igralcem Nikola Joki\u0107 (Denver Nuggets).<\/p>\n<p data-start=\"275\" data-end=\"409\">\u2013 O\u0161tevil\u010dena: \/149<br data-start=\"294\" data-end=\"297\" \/>\u2013 Redek Upper Echelon insert<br data-start=\"325\" data-end=\"328\" \/>\u2013 MVP igralec \/ ena najve\u010djih NBA zvezd<br data-start=\"367\" data-end=\"370\" \/>\u2013 Odli\u010dno ohranjena (ves \u010das v za\u0161\u010diti)<\/p>\n<p data-start=\"411\" data-end=\"514\">Zelo lepa sijo\u010da karta z dobrim zanimanjem med zbiratelji.<br data-start=\"469\" data-end=\"472\" \/>Primerna za zbiratelje in navija\u010de Joki\u010da.<\/p>\n<p data-start=\"516\" data-end=\"542\">Po\u0161iljam varno zapakirano.<\/p>\n","protected":false},"excerpt":{"rendered":"<p data-start=\"102\" data-end=\"169\">Upper Echelon insert, o\u0161tevil\u010dena \/149. Nikola Joki\u0107 \u2013 MVP igralec.<\/p>\n","protected":false},"author":3,"featured_media":2405,"comment_status":"open","ping_status":"closed","template":"","meta":{"_acf_changed":false},"card_year":[],"product_brand":[],"product_cat":[282,280],"product_tag":[],"class_list":{"0":"post-2404","1":"product","2":"type-product","3":"status-publish","4":"has-post-thumbnail","6":"product_cat-basketball","7":"product_cat-sport-cards","8":"sales-flash-overlay","9":"woocommerce-text-align-center","10":"woocommerce-image-align-center","11":"do-quantity-buttons","12":"wc-has-gallery","14":"first","15":"instock","16":"shipping-taxable","17":"product-type-simple"},"acf":[],"_links":{"self":[{"href":"https:\/\/sportcardsmemorabilia.eu\/en\/wp-json\/wp\/v2\/product\/2404","targetHints":{"allow":["GET"]}}],"collection":[{"href":"https:\/\/sportcardsmemorabilia.eu\/en\/wp-json\/wp\/v2\/product"}],"about":[{"href":"https:\/\/sportcardsmemorabilia.eu\/en\/wp-json\/wp\/v2\/types\/product"}],"author":[{"embeddable":true,"href":"https:\/\/sportcardsmemorabilia.eu\/en\/wp-json\/wp\/v2\/users\/3"}],"replies":[{"embeddable":true,"href":"https:\/\/sportcardsmemorabilia.eu\/en\/wp-json\/wp\/v2\/comments?post=2404"}],"wp:featuredmedia":[{"embeddable":true,"href":"https:\/\/sportcardsmemorabilia.eu\/en\/wp-json\/wp\/v2\/media\/2405"}],"wp:attachment":[{"href":"https:\/\/sportcardsmemorabilia.eu\/en\/wp-json\/wp\/v2\/media?parent=2404"}],"wp:term":[{"taxonomy":"card_year","embeddable":true,"href":"https:\/\/sportcardsmemorabilia.eu\/en\/wp-json\/wp\/v2\/card_year?post=2404"},{"taxonomy":"product_brand","embeddable":true,"href":"https:\/\/sportcardsmemorabilia.eu\/en\/wp-json\/wp\/v2\/product_brand?post=2404"},{"taxonomy":"product_cat","embeddable":true,"href":"https:\/\/sportcardsmemorabilia.eu\/en\/wp-json\/wp\/v2\/product_cat?post=2404"},{"taxonomy":"product_tag","embeddable":true,"href":"https:\/\/sportcardsmemorabilia.eu\/en\/wp-json\/wp\/v2\/product_tag?post=2404"}],"curies":[{"name":"wp","href":"https:\/\/api.w.org\/{rel}","templated":true}]}}