{"id":2406,"date":"2026-04-06T19:24:17","date_gmt":"2026-04-06T18:24:17","guid":{"rendered":"https:\/\/sportcardsmemorabilia.eu\/marketplace\/nikola-jokic-pillars-of-the-game-99-panini-status-%f0%9f%94%a5\/"},"modified":"2026-04-06T20:00:33","modified_gmt":"2026-04-06T19:00:33","slug":"nikola-jokic-pillars-of-the-game-99-panini-status-%f0%9f%94%a5","status":"publish","type":"product","link":"https:\/\/sportcardsmemorabilia.eu\/en\/marketplace\/nikola-jokic-pillars-of-the-game-99-panini-status-%f0%9f%94%a5\/","title":{"rendered":"Nikola Joki\u0107 Pillars of the Game \/99 Panini Status \ud83d\udd25"},"content":{"rendered":"<p data-start=\"261\" data-end=\"356\">Original Panini Status karta z igralcem <span class=\"hover:entity-accent entity-underline inline cursor-pointer align-baseline\"><span class=\"whitespace-normal\">Nikola Joki\u0107<\/span><\/span> (Denver Nuggets).<\/p>\n<p data-start=\"358\" data-end=\"520\">\u2013 Serija: <strong data-start=\"368\" data-end=\"396\">Panini Status Basketball<\/strong><br data-start=\"396\" data-end=\"399\" \/>\u2013 Insert: <em data-start=\"409\" data-end=\"430\">Pillars of the Game<\/em><br data-start=\"430\" data-end=\"433\" \/>\u2013 O\u0161tevil\u010dena: <strong data-start=\"448\" data-end=\"455\">\/99<\/strong><br data-start=\"455\" data-end=\"458\" \/>\u2013 Lep dizajn (blue parallel)<br data-start=\"486\" data-end=\"489\" \/>\u2013 Odli\u010dno ohranjena (v za\u0161\u010diti)<\/p>\n<p data-start=\"522\" data-end=\"611\">Zelo lep insert z ni\u017ejo serijsko \u0161tevilko.<br data-start=\"564\" data-end=\"567\" \/>Odli\u010dna izbira za zbiratelje in Joki\u010d fan-e.<\/p>\n<p data-start=\"613\" data-end=\"639\">Po\u0161iljam varno zapakirano.<\/p>\n","protected":false},"excerpt":{"rendered":"<p>Pillars of the Game insert, o\u0161tevil\u010dena \/99. Nikola Joki\u0107 \u2013 MVP.<\/p>\n","protected":false},"author":3,"featured_media":2407,"comment_status":"open","ping_status":"closed","template":"","meta":{"_acf_changed":false},"card_year":[],"product_brand":[],"product_cat":[282,280],"product_tag":[],"class_list":{"0":"post-2406","1":"product","2":"type-product","3":"status-publish","4":"has-post-thumbnail","6":"product_cat-basketball","7":"product_cat-sport-cards","8":"sales-flash-overlay","9":"woocommerce-text-align-center","10":"woocommerce-image-align-center","11":"do-quantity-buttons","12":"wc-has-gallery","14":"first","15":"instock","16":"shipping-taxable","17":"product-type-simple"},"acf":[],"_links":{"self":[{"href":"https:\/\/sportcardsmemorabilia.eu\/en\/wp-json\/wp\/v2\/product\/2406","targetHints":{"allow":["GET"]}}],"collection":[{"href":"https:\/\/sportcardsmemorabilia.eu\/en\/wp-json\/wp\/v2\/product"}],"about":[{"href":"https:\/\/sportcardsmemorabilia.eu\/en\/wp-json\/wp\/v2\/types\/product"}],"author":[{"embeddable":true,"href":"https:\/\/sportcardsmemorabilia.eu\/en\/wp-json\/wp\/v2\/users\/3"}],"replies":[{"embeddable":true,"href":"https:\/\/sportcardsmemorabilia.eu\/en\/wp-json\/wp\/v2\/comments?post=2406"}],"wp:featuredmedia":[{"embeddable":true,"href":"https:\/\/sportcardsmemorabilia.eu\/en\/wp-json\/wp\/v2\/media\/2407"}],"wp:attachment":[{"href":"https:\/\/sportcardsmemorabilia.eu\/en\/wp-json\/wp\/v2\/media?parent=2406"}],"wp:term":[{"taxonomy":"card_year","embeddable":true,"href":"https:\/\/sportcardsmemorabilia.eu\/en\/wp-json\/wp\/v2\/card_year?post=2406"},{"taxonomy":"product_brand","embeddable":true,"href":"https:\/\/sportcardsmemorabilia.eu\/en\/wp-json\/wp\/v2\/product_brand?post=2406"},{"taxonomy":"product_cat","embeddable":true,"href":"https:\/\/sportcardsmemorabilia.eu\/en\/wp-json\/wp\/v2\/product_cat?post=2406"},{"taxonomy":"product_tag","embeddable":true,"href":"https:\/\/sportcardsmemorabilia.eu\/en\/wp-json\/wp\/v2\/product_tag?post=2406"}],"curies":[{"name":"wp","href":"https:\/\/api.w.org\/{rel}","templated":true}]}}